{"id":490510,"date":"2025-01-24T00:45:09","date_gmt":"2025-01-23T23:45:09","guid":{"rendered":"https:\/\/shop.kustom.ch\/?post_type=product&#038;p=490510"},"modified":"2026-03-31T13:18:40","modified_gmt":"2026-03-31T12:18:40","slug":"hobart-women","status":"publish","type":"product","link":"https:\/\/shop.kustom.ch\/it\/prodotto\/hobart-women\/","title":{"rendered":"Hobart Donne"},"content":{"rendered":"<p>Felpa con collo alto in tessuto a strati d'aria, morbido al tatto. Il poliestere contenuto \u00e8 ottenuto da materiale riciclato. Due tasche laterali nascoste con zip. Polsini e girovita in materiale di rivestimento. Coulisse ed etichetta facilmente rimovibile per la rietichettatura.<\/p>\n<p>Materiale: 50% poliestere tinto in massa, 24% poliestere riciclato, 20% viscosa, 6% elastan.<\/p>","protected":false},"excerpt":{"rendered":"<p>Sweatshirt mit hohem Kragen aus Luftschichtgewebe, das sich weich anf\u00fchlt. Der Polyesteranteil ist aus Recycling-Material. Zwei verborgene Seitentaschen mit Reissverschluss. \u00c4rmelb\u00fcndchen und Bund aus Shellmaterial. Kordelzug und leicht abnehmbare Etikette f\u00fcr Umetikettierung. Material: 50% Spun Dyed Polyester, 24% Recycling-Polyester, 20% Viskose, 6% Elasthan.<\/p>","protected":false},"featured_media":490559,"template":"","meta":[],"product_brand":[],"product_cat":[4191],"product_tag":[],"class_list":{"0":"post-490510","1":"product","2":"type-product","3":"status-publish","4":"has-post-thumbnail","6":"product_cat-longsleeves-sweatshirts","7":"pa_brand-clique","8":"pa_brand-type-sportswear","9":"pa_filter-color-blau","10":"pa_filter-color-gruen","11":"pa_filter-color-schwarz","13":"first","14":"instock","15":"sale","16":"taxable","17":"shipping-taxable","18":"purchasable","19":"product-type-variable","20":"add-to-wishlist-before_image"},"exclude_global_add_ons":[],"addons":[],"acf":[],"_links":{"self":[{"href":"https:\/\/shop.kustom.ch\/it\/wp-json\/wp\/v2\/product\/490510"}],"collection":[{"href":"https:\/\/shop.kustom.ch\/it\/wp-json\/wp\/v2\/product"}],"about":[{"href":"https:\/\/shop.kustom.ch\/it\/wp-json\/wp\/v2\/types\/product"}],"wp:featuredmedia":[{"embeddable":true,"href":"https:\/\/shop.kustom.ch\/it\/wp-json\/wp\/v2\/media\/490559"}],"wp:attachment":[{"href":"https:\/\/shop.kustom.ch\/it\/wp-json\/wp\/v2\/media?parent=490510"}],"wp:term":[{"taxonomy":"product_brand","embeddable":true,"href":"https:\/\/shop.kustom.ch\/it\/wp-json\/wp\/v2\/product_brand?post=490510"},{"taxonomy":"product_cat","embeddable":true,"href":"https:\/\/shop.kustom.ch\/it\/wp-json\/wp\/v2\/product_cat?post=490510"},{"taxonomy":"product_tag","embeddable":true,"href":"https:\/\/shop.kustom.ch\/it\/wp-json\/wp\/v2\/product_tag?post=490510"}],"curies":[{"name":"wp","href":"https:\/\/api.w.org\/{rel}","templated":true}]}}