{"id":490508,"date":"2025-01-24T00:45:08","date_gmt":"2025-01-23T23:45:08","guid":{"rendered":"https:\/\/shop.kustom.ch\/?post_type=product&#038;p=490508"},"modified":"2026-03-31T13:20:06","modified_gmt":"2026-03-31T12:20:06","slug":"helix","status":"publish","type":"product","link":"https:\/\/shop.kustom.ch\/it\/prodotto\/helix\/","title":{"rendered":"Elica"},"content":{"rendered":"<p>Kapuzenpullover mit Hauptfutter in der Kapuze. K\u00e4ngurutasche und eine versteckte Tasche in der Seitennaht. Raglan-\u00c4rmel und 2&#215;2 Elasthan-Rippen an den Seiten, B\u00fcndchen und am unteren Saum. Rustikale Metall\u00f6se f\u00fcr einen flachen Kordelzug. Fischgr\u00e4ten-Twill-Nackenband und Aufh\u00e4nge\u00f6se. Kopfh\u00f6rer \/ Smartphone geeignet.<\/p>\n<p>Material: 80% Baumwolle, 20% Polyester, Graumeliert [95]: 85% Baumwolle, 15% Viskose).<\/p>\n","protected":false},"excerpt":{"rendered":"<p>Kapuzenpullover mit Hauptfutter in der Kapuze. K\u00e4ngurutasche und eine versteckte Tasche in der Seitennaht. Raglan-\u00c4rmel und 2&#215;2 Elasthan-Rippen an den Seiten, B\u00fcndchen und am unteren Saum. Rustikale Metall\u00f6se f\u00fcr einen flachen Kordelzug. Fischgr\u00e4ten-Twill-Nackenband und Aufh\u00e4nge\u00f6se. Kopfh\u00f6rer \/ Smartphone geeignet. Material: 80% Baumwolle, 20% Polyester, Graumeliert [95]: 85% Baumwolle, 15% Viskose).<\/p>\n","protected":false},"featured_media":490511,"template":"","meta":[],"product_brand":[],"product_cat":[4184],"product_tag":[],"class_list":{"0":"post-490508","1":"product","2":"type-product","3":"status-publish","4":"has-post-thumbnail","6":"product_cat-hoodies-pullover","7":"pa_brand-clique","8":"pa_brand-type-sportswear","9":"pa_filter-color-blau","10":"pa_filter-color-grau","11":"pa_filter-color-schwarz","13":"first","14":"instock","15":"sale","16":"taxable","17":"shipping-taxable","18":"purchasable","19":"product-type-variable","20":"add-to-wishlist-before_image"},"exclude_global_add_ons":[],"addons":[],"acf":[],"_links":{"self":[{"href":"https:\/\/shop.kustom.ch\/it\/wp-json\/wp\/v2\/product\/490508"}],"collection":[{"href":"https:\/\/shop.kustom.ch\/it\/wp-json\/wp\/v2\/product"}],"about":[{"href":"https:\/\/shop.kustom.ch\/it\/wp-json\/wp\/v2\/types\/product"}],"wp:featuredmedia":[{"embeddable":true,"href":"https:\/\/shop.kustom.ch\/it\/wp-json\/wp\/v2\/media\/490511"}],"wp:attachment":[{"href":"https:\/\/shop.kustom.ch\/it\/wp-json\/wp\/v2\/media?parent=490508"}],"wp:term":[{"taxonomy":"product_brand","embeddable":true,"href":"https:\/\/shop.kustom.ch\/it\/wp-json\/wp\/v2\/product_brand?post=490508"},{"taxonomy":"product_cat","embeddable":true,"href":"https:\/\/shop.kustom.ch\/it\/wp-json\/wp\/v2\/product_cat?post=490508"},{"taxonomy":"product_tag","embeddable":true,"href":"https:\/\/shop.kustom.ch\/it\/wp-json\/wp\/v2\/product_tag?post=490508"}],"curies":[{"name":"wp","href":"https:\/\/api.w.org\/{rel}","templated":true}]}}