{"id":490439,"date":"2025-01-24T00:44:51","date_gmt":"2025-01-23T23:44:51","guid":{"rendered":"https:\/\/shop.kustom.ch\/?post_type=product&#038;p=490439"},"modified":"2026-03-31T13:19:26","modified_gmt":"2026-03-31T12:19:26","slug":"heavy-premium-polo-women","status":"publish","type":"product","link":"https:\/\/shop.kustom.ch\/it\/prodotto\/heavy-premium-polo-women\/","title":{"rendered":"Polo Premium pesante da donna"},"content":{"rendered":"<p>Schweres Polo Shirt aus enzymgewaschener, vorgeschrumpfter Baumwolle. Fischgr\u00e4tband an der inneren Knopfleiste und Seitenschlitzen, Ton-in-Ton Kn\u00f6pfe, 3 bei den Herren und 4 bei den Damen.<\/p>\n<p>Material: 100% gek\u00e4mmte Baumwolle (Graumeliert [95]: 85% Baumwolle, 15% Viskose)<\/p>\n","protected":false},"excerpt":{"rendered":"<p>Schweres Polo Shirt aus enzymgewaschener, vorgeschrumpfter Baumwolle. Fischgr\u00e4tband an der inneren Knopfleiste und Seitenschlitzen, Ton-in-Ton Kn\u00f6pfe, 3 bei den Herren und 4 bei den Damen. Material: 100% gek\u00e4mmte Baumwolle (Graumeliert [95]: 85% Baumwolle, 15% Viskose)<\/p>\n","protected":false},"featured_media":490472,"template":"","meta":[],"product_brand":[],"product_cat":[4193],"product_tag":[],"class_list":{"0":"post-490439","1":"product","2":"type-product","3":"status-publish","4":"has-post-thumbnail","6":"product_cat-polos","7":"pa_brand-clique","8":"pa_brand-type-sportswear","9":"pa_filter-color-blau","10":"pa_filter-color-grau","11":"pa_filter-color-rot","12":"pa_filter-color-schwarz","13":"pa_filter-color-weiss","15":"first","16":"instock","17":"sale","18":"taxable","19":"shipping-taxable","20":"purchasable","21":"product-type-variable","22":"add-to-wishlist-before_image"},"exclude_global_add_ons":[],"addons":[],"acf":[],"_links":{"self":[{"href":"https:\/\/shop.kustom.ch\/it\/wp-json\/wp\/v2\/product\/490439"}],"collection":[{"href":"https:\/\/shop.kustom.ch\/it\/wp-json\/wp\/v2\/product"}],"about":[{"href":"https:\/\/shop.kustom.ch\/it\/wp-json\/wp\/v2\/types\/product"}],"wp:featuredmedia":[{"embeddable":true,"href":"https:\/\/shop.kustom.ch\/it\/wp-json\/wp\/v2\/media\/490472"}],"wp:attachment":[{"href":"https:\/\/shop.kustom.ch\/it\/wp-json\/wp\/v2\/media?parent=490439"}],"wp:term":[{"taxonomy":"product_brand","embeddable":true,"href":"https:\/\/shop.kustom.ch\/it\/wp-json\/wp\/v2\/product_brand?post=490439"},{"taxonomy":"product_cat","embeddable":true,"href":"https:\/\/shop.kustom.ch\/it\/wp-json\/wp\/v2\/product_cat?post=490439"},{"taxonomy":"product_tag","embeddable":true,"href":"https:\/\/shop.kustom.ch\/it\/wp-json\/wp\/v2\/product_tag?post=490439"}],"curies":[{"name":"wp","href":"https:\/\/api.w.org\/{rel}","templated":true}]}}