{"id":490302,"date":"2025-01-24T00:44:14","date_gmt":"2025-01-23T23:44:14","guid":{"rendered":"https:\/\/shop.kustom.ch\/?post_type=product&#038;p=490302"},"modified":"2026-03-31T13:21:12","modified_gmt":"2026-03-31T12:21:12","slug":"hardy-reflective","status":"publish","type":"product","link":"https:\/\/shop.kustom.ch\/it\/prodotto\/hardy-reflective\/","title":{"rendered":"Riflettente Hardy"},"content":{"rendered":"<p>Classica giacca a vento con cappuccio. Completamente riflettente. Interno con fodera in rete. Due tasche laterali con cerniera. Strisce a contrasto sul cappuccio, sui polsini e sulle cerniere.<\/p>\n<p>Materiale: poliestere 100% con rivestimento in PU<\/p>","protected":false},"excerpt":{"rendered":"<p>Klassischer Windbreaker mit Kapuze. Vollfl\u00e4chig stark reflektierend. Innen mit einem Netzfutter. Zwei Seitentaschen mit Reissverschl\u00fcssen. Kontraststreifen an der Kapuze, den \u00c4rmelb\u00fcndchen und den Reissverschl\u00fcssen. Material: 100% Polyester mit PU-Beschichtung<\/p>","protected":false},"featured_media":490337,"template":"","meta":[],"product_brand":[],"product_cat":[4186],"product_tag":[],"class_list":{"0":"post-490302","1":"product","2":"type-product","3":"status-publish","4":"has-post-thumbnail","6":"product_cat-jacken","7":"pa_brand-clique","8":"pa_brand-type-sportswear","9":"pa_filter-color-weiss","11":"first","12":"instock","13":"sale","14":"taxable","15":"shipping-taxable","16":"purchasable","17":"product-type-variable","18":"add-to-wishlist-before_image"},"exclude_global_add_ons":[],"addons":[],"acf":[],"_links":{"self":[{"href":"https:\/\/shop.kustom.ch\/it\/wp-json\/wp\/v2\/product\/490302"}],"collection":[{"href":"https:\/\/shop.kustom.ch\/it\/wp-json\/wp\/v2\/product"}],"about":[{"href":"https:\/\/shop.kustom.ch\/it\/wp-json\/wp\/v2\/types\/product"}],"wp:featuredmedia":[{"embeddable":true,"href":"https:\/\/shop.kustom.ch\/it\/wp-json\/wp\/v2\/media\/490337"}],"wp:attachment":[{"href":"https:\/\/shop.kustom.ch\/it\/wp-json\/wp\/v2\/media?parent=490302"}],"wp:term":[{"taxonomy":"product_brand","embeddable":true,"href":"https:\/\/shop.kustom.ch\/it\/wp-json\/wp\/v2\/product_brand?post=490302"},{"taxonomy":"product_cat","embeddable":true,"href":"https:\/\/shop.kustom.ch\/it\/wp-json\/wp\/v2\/product_cat?post=490302"},{"taxonomy":"product_tag","embeddable":true,"href":"https:\/\/shop.kustom.ch\/it\/wp-json\/wp\/v2\/product_tag?post=490302"}],"curies":[{"name":"wp","href":"https:\/\/api.w.org\/{rel}","templated":true}]}}