{"id":490168,"date":"2025-01-24T00:43:29","date_gmt":"2025-01-23T23:43:29","guid":{"rendered":"https:\/\/shop.kustom.ch\/?post_type=product&#038;p=490168"},"modified":"2026-03-31T13:09:48","modified_gmt":"2026-03-31T12:09:48","slug":"haines","status":"publish","type":"product","link":"https:\/\/shop.kustom.ch\/it\/prodotto\/haines\/","title":{"rendered":"Haines"},"content":{"rendered":"<p>Giacca in maglia in pile, calda e facile da indossare, con inserti in softshell. Tre tasche esterne con cerniera e due ampie tasche interne. Polsini interni elasticizzati con fori per i pollici alle estremit\u00e0 delle maniche e nastro riflettente ripiegabile. Appendino nel collo ed etichetta facilmente rimovibile per il rebranding.<\/p>\n<p>Materiale: Tomaia 1: poliestere lavorato a maglia 100% ;Tomaia 2: poliestere 100%<\/p>","protected":false},"excerpt":{"rendered":"<p>Eine warme, leicht zu tragende Strickfleecejacke mit Softshell Eins\u00e4tzen. Drei Aussentaschen mit Reissverschluss und zwei grossen Innentaschen. Elastische Innenb\u00fcndchen mit Daumenl\u00f6chern am \u00c4rmelabschluss und ein klappbares Reflexband. Aufh\u00e4nger im Nacken und ein leicht abnehmbares Etikett f\u00fcr Rebranding. Material: Obermaterial 1: 100% Polyester gestrickt ;Obermaterial 2: 100% Polyester<\/p>","protected":false},"featured_media":490233,"template":"","meta":[],"product_brand":[],"product_cat":[4184],"product_tag":[],"class_list":{"0":"post-490168","1":"product","2":"type-product","3":"status-publish","4":"has-post-thumbnail","6":"product_cat-hoodies-pullover","7":"pa_brand-clique","8":"pa_brand-type-sportswear","9":"pa_filter-color-gelb","10":"pa_filter-color-grau","11":"pa_filter-color-gruen","12":"pa_filter-color-schwarz","14":"first","15":"instock","16":"sale","17":"taxable","18":"shipping-taxable","19":"purchasable","20":"product-type-variable","21":"add-to-wishlist-before_image"},"exclude_global_add_ons":[],"addons":[],"acf":[],"_links":{"self":[{"href":"https:\/\/shop.kustom.ch\/it\/wp-json\/wp\/v2\/product\/490168"}],"collection":[{"href":"https:\/\/shop.kustom.ch\/it\/wp-json\/wp\/v2\/product"}],"about":[{"href":"https:\/\/shop.kustom.ch\/it\/wp-json\/wp\/v2\/types\/product"}],"wp:featuredmedia":[{"embeddable":true,"href":"https:\/\/shop.kustom.ch\/it\/wp-json\/wp\/v2\/media\/490233"}],"wp:attachment":[{"href":"https:\/\/shop.kustom.ch\/it\/wp-json\/wp\/v2\/media?parent=490168"}],"wp:term":[{"taxonomy":"product_brand","embeddable":true,"href":"https:\/\/shop.kustom.ch\/it\/wp-json\/wp\/v2\/product_brand?post=490168"},{"taxonomy":"product_cat","embeddable":true,"href":"https:\/\/shop.kustom.ch\/it\/wp-json\/wp\/v2\/product_cat?post=490168"},{"taxonomy":"product_tag","embeddable":true,"href":"https:\/\/shop.kustom.ch\/it\/wp-json\/wp\/v2\/product_tag?post=490168"}],"curies":[{"name":"wp","href":"https:\/\/api.w.org\/{rel}","templated":true}]}}