{"id":490164,"date":"2025-01-24T00:43:29","date_gmt":"2025-01-23T23:43:29","guid":{"rendered":"https:\/\/shop.kustom.ch\/?post_type=product&#038;p=490164"},"modified":"2026-03-31T13:20:23","modified_gmt":"2026-03-31T12:20:23","slug":"grayland","status":"publish","type":"product","link":"https:\/\/shop.kustom.ch\/it\/prodotto\/grayland\/","title":{"rendered":"Grayland"},"content":{"rendered":"<p>Giacca softshell imbottita, confortevole e moderna. Cappuccio staccabile e regolabile. Maniche preformate per una maggiore libert\u00e0 di movimento. Quattro tasche esterne con cerniere impermeabili e due tasche interne, una con cerniera e una in rete. Polsini regolabili con velcro e dettagli riflettenti sulla schiena. Una cerniera nella fodera facilita la stampa o il ricamo.<\/p>\n<p>Materiale: poliestere 100% con membrana TPU, laminato con pile di poliestere 100 %; WP 10000\/MVP 5000<\/p>","protected":false},"excerpt":{"rendered":"<p>Komfortable und moderne, wattierte Softshell-Jacke. Eine abnehmbare und verstellbare Kapuze. Vorgeformte \u00c4rmel f\u00fcr mehr Bewegungsfreiheit. Vier Aussentaschen mit wasserdichten Reissverschl\u00fcssen und zwei Innentaschen, eine mit Reissverschluss und eine aus Mesh. Mit Klettverschluss verstellbare \u00c4rmelb\u00fcndchen und reflektierenden Details auf dem R\u00fccken. Ein Reissverschluss im Futter erleichtert das Bedrucken oder Besticken. Material: 100% Polyester mit TPU-Membran, laminiert [&hellip;]<\/p>\n","protected":false},"featured_media":490179,"template":"","meta":[],"product_brand":[],"product_cat":[4186],"product_tag":[],"class_list":{"0":"post-490164","1":"product","2":"type-product","3":"status-publish","4":"has-post-thumbnail","6":"product_cat-jacken","7":"pa_brand-clique","8":"pa_brand-type-sportswear","9":"pa_filter-color-blau","10":"pa_filter-color-grau","11":"pa_filter-color-schwarz","13":"first","14":"instock","15":"sale","16":"taxable","17":"shipping-taxable","18":"purchasable","19":"product-type-variable","20":"add-to-wishlist-before_image"},"exclude_global_add_ons":[],"addons":[],"acf":[],"_links":{"self":[{"href":"https:\/\/shop.kustom.ch\/it\/wp-json\/wp\/v2\/product\/490164"}],"collection":[{"href":"https:\/\/shop.kustom.ch\/it\/wp-json\/wp\/v2\/product"}],"about":[{"href":"https:\/\/shop.kustom.ch\/it\/wp-json\/wp\/v2\/types\/product"}],"wp:featuredmedia":[{"embeddable":true,"href":"https:\/\/shop.kustom.ch\/it\/wp-json\/wp\/v2\/media\/490179"}],"wp:attachment":[{"href":"https:\/\/shop.kustom.ch\/it\/wp-json\/wp\/v2\/media?parent=490164"}],"wp:term":[{"taxonomy":"product_brand","embeddable":true,"href":"https:\/\/shop.kustom.ch\/it\/wp-json\/wp\/v2\/product_brand?post=490164"},{"taxonomy":"product_cat","embeddable":true,"href":"https:\/\/shop.kustom.ch\/it\/wp-json\/wp\/v2\/product_cat?post=490164"},{"taxonomy":"product_tag","embeddable":true,"href":"https:\/\/shop.kustom.ch\/it\/wp-json\/wp\/v2\/product_tag?post=490164"}],"curies":[{"name":"wp","href":"https:\/\/api.w.org\/{rel}","templated":true}]}}