{"id":489834,"date":"2025-01-24T00:41:26","date_gmt":"2025-01-23T23:41:26","guid":{"rendered":"https:\/\/shop.kustom.ch\/?post_type=product&#038;p=489834"},"modified":"2026-03-31T13:21:41","modified_gmt":"2026-03-31T12:21:41","slug":"custer-women","status":"publish","type":"product","link":"https:\/\/shop.kustom.ch\/it\/prodotto\/custer-women\/","title":{"rendered":"Donne Custer"},"content":{"rendered":"<p>Giacca in pile leggermente foderata con motivo riflettente. Due tasche laterali e una tasca nascosta sulla manica con cerniera, fori per i pollici sui polsini e guida per le cuffie all'interno.<\/p>\n<p>Materiale: poliestere 100%<\/p>","protected":false},"excerpt":{"rendered":"<p>Leicht gef\u00fctterte Fleece Jacke mit reflektierendem Muster. Zwei Seitentaschen und eine versteckte \u00c4rmeltasche mit Reissverschl\u00fcssen, Daumenl\u00f6cher am \u00c4rmelabschluss und Kopfh\u00f6rerf\u00fchrung Innen. Material: 100% Polyester<\/p>","protected":false},"featured_media":489847,"template":"","meta":[],"product_brand":[],"product_cat":[4184],"product_tag":[],"class_list":{"0":"post-489834","1":"product","2":"type-product","3":"status-publish","4":"has-post-thumbnail","6":"product_cat-hoodies-pullover","7":"pa_brand-clique","8":"pa_brand-type-sportswear","9":"pa_filter-color-schwarz","11":"first","12":"instock","13":"sale","14":"taxable","15":"shipping-taxable","16":"purchasable","17":"product-type-variable","18":"add-to-wishlist-before_image"},"exclude_global_add_ons":[],"addons":[],"acf":[],"_links":{"self":[{"href":"https:\/\/shop.kustom.ch\/it\/wp-json\/wp\/v2\/product\/489834"}],"collection":[{"href":"https:\/\/shop.kustom.ch\/it\/wp-json\/wp\/v2\/product"}],"about":[{"href":"https:\/\/shop.kustom.ch\/it\/wp-json\/wp\/v2\/types\/product"}],"wp:featuredmedia":[{"embeddable":true,"href":"https:\/\/shop.kustom.ch\/it\/wp-json\/wp\/v2\/media\/489847"}],"wp:attachment":[{"href":"https:\/\/shop.kustom.ch\/it\/wp-json\/wp\/v2\/media?parent=489834"}],"wp:term":[{"taxonomy":"product_brand","embeddable":true,"href":"https:\/\/shop.kustom.ch\/it\/wp-json\/wp\/v2\/product_brand?post=489834"},{"taxonomy":"product_cat","embeddable":true,"href":"https:\/\/shop.kustom.ch\/it\/wp-json\/wp\/v2\/product_cat?post=489834"},{"taxonomy":"product_tag","embeddable":true,"href":"https:\/\/shop.kustom.ch\/it\/wp-json\/wp\/v2\/product_tag?post=489834"}],"curies":[{"name":"wp","href":"https:\/\/api.w.org\/{rel}","templated":true}]}}