{"id":489765,"date":"2025-01-24T00:41:09","date_gmt":"2025-01-23T23:41:09","guid":{"rendered":"https:\/\/shop.kustom.ch\/?post_type=product&#038;p=489765"},"modified":"2026-03-31T13:11:44","modified_gmt":"2026-03-31T12:11:44","slug":"craig","status":"publish","type":"product","link":"https:\/\/shop.kustom.ch\/it\/prodotto\/craig\/","title":{"rendered":"Craig"},"content":{"rendered":"<p>Giacca sportiva in felpa con collo alto. Look piqu\u00e9 all'esterno, interno spazzolato. Due tasche laterali con cerniera, profili a contrasto sulle cuciture delle spalle e strisce a contrasto su vita e polsini.<\/p>\n<p>Materiale: 80% poliestere, 20% cotone<\/p>","protected":false},"excerpt":{"rendered":"<p>Sportliche Sweatjacke mit Stehkragen. Aussen in Piqu\u00e9 Optik, die Innenseite ist angeraut. Zwei Seitentaschen mit Reissverschl\u00fcssen, Kontrast Paspelierung bei Schulternaht und Kontraststreifen an Bund und \u00c4rmelabschluss. Material: 80% Polyester, 20% Baumwolle<\/p>","protected":false},"featured_media":489780,"template":"","meta":[],"product_brand":[],"product_cat":[4191],"product_tag":[],"class_list":{"0":"post-489765","1":"product","2":"type-product","3":"status-publish","4":"has-post-thumbnail","6":"product_cat-longsleeves-sweatshirts","7":"pa_brand-clique","8":"pa_brand-type-sportswear","9":"pa_filter-color-blau","10":"pa_filter-color-grau","11":"pa_filter-color-rot","12":"pa_filter-color-schwarz","13":"pa_filter-color-weiss","15":"first","16":"instock","17":"sale","18":"taxable","19":"shipping-taxable","20":"purchasable","21":"product-type-variable","22":"add-to-wishlist-before_image"},"exclude_global_add_ons":[],"addons":[],"acf":[],"_links":{"self":[{"href":"https:\/\/shop.kustom.ch\/it\/wp-json\/wp\/v2\/product\/489765"}],"collection":[{"href":"https:\/\/shop.kustom.ch\/it\/wp-json\/wp\/v2\/product"}],"about":[{"href":"https:\/\/shop.kustom.ch\/it\/wp-json\/wp\/v2\/types\/product"}],"wp:featuredmedia":[{"embeddable":true,"href":"https:\/\/shop.kustom.ch\/it\/wp-json\/wp\/v2\/media\/489780"}],"wp:attachment":[{"href":"https:\/\/shop.kustom.ch\/it\/wp-json\/wp\/v2\/media?parent=489765"}],"wp:term":[{"taxonomy":"product_brand","embeddable":true,"href":"https:\/\/shop.kustom.ch\/it\/wp-json\/wp\/v2\/product_brand?post=489765"},{"taxonomy":"product_cat","embeddable":true,"href":"https:\/\/shop.kustom.ch\/it\/wp-json\/wp\/v2\/product_cat?post=489765"},{"taxonomy":"product_tag","embeddable":true,"href":"https:\/\/shop.kustom.ch\/it\/wp-json\/wp\/v2\/product_tag?post=489765"}],"curies":[{"name":"wp","href":"https:\/\/api.w.org\/{rel}","templated":true}]}}