{"id":488736,"date":"2025-01-24T00:37:09","date_gmt":"2025-01-23T23:37:09","guid":{"rendered":"https:\/\/shop.kustom.ch\/?post_type=product&#038;p=488736"},"modified":"2026-03-31T13:17:51","modified_gmt":"2026-03-31T12:17:51","slug":"classic-oc-polo","status":"publish","type":"product","link":"https:\/\/shop.kustom.ch\/it\/prodotto\/classic-oc-polo\/","title":{"rendered":"Polo classica OC"},"content":{"rendered":"<p>Classica polo da indossare tutti i giorni con un'ottima vestibilit\u00e0 in cotone biologico 100%. Tre bottoni tono su tono, spacchetti laterali e nastro rinforzato sul collo. Colletto interno a coste e polsini delle maniche a coste. L'etichetta sul colletto pu\u00f2 essere facilmente rimossa. Il capo \u00e8 stato sottoposto a lavaggio preliminare e a trattamento enzimatico.<\/p>\n<p>Materiale: cotone organico 100%<\/p>","protected":false},"excerpt":{"rendered":"<p>Klassisches Polo Shirt f\u00fcr den Alltag mit hervorragender Passform aus 100% Bio-Baumwolle. Drei Ton-in-Ton-Kn\u00f6pfe, Seitenschlitze und verst\u00e4rktes Nackenband. Gerippter Innenkragen und gerippte \u00c4rmelabschl\u00fcsse. Die Etikette am Kragen kann einfach entfernt werden. Das Kleidungsst\u00fcck wurde vorgeschrumpft und enzymbehandelt. Material: 100% Organic Baumwolle<\/p>","protected":false},"featured_media":488777,"template":"","meta":[],"product_brand":[],"product_cat":[4193],"product_tag":[],"class_list":{"0":"post-488736","1":"product","2":"type-product","3":"status-publish","4":"has-post-thumbnail","6":"product_cat-polos","7":"pa_brand-clique","8":"pa_brand-type-sportswear","9":"pa_filter-color-beige","10":"pa_filter-color-blau","11":"pa_filter-color-grau","12":"pa_filter-color-rot","13":"pa_filter-color-schwarz","14":"pa_filter-color-weiss","16":"first","17":"instock","18":"sale","19":"taxable","20":"shipping-taxable","21":"purchasable","22":"product-type-variable","23":"add-to-wishlist-before_image"},"exclude_global_add_ons":[],"addons":[],"acf":[],"_links":{"self":[{"href":"https:\/\/shop.kustom.ch\/it\/wp-json\/wp\/v2\/product\/488736"}],"collection":[{"href":"https:\/\/shop.kustom.ch\/it\/wp-json\/wp\/v2\/product"}],"about":[{"href":"https:\/\/shop.kustom.ch\/it\/wp-json\/wp\/v2\/types\/product"}],"wp:featuredmedia":[{"embeddable":true,"href":"https:\/\/shop.kustom.ch\/it\/wp-json\/wp\/v2\/media\/488777"}],"wp:attachment":[{"href":"https:\/\/shop.kustom.ch\/it\/wp-json\/wp\/v2\/media?parent=488736"}],"wp:term":[{"taxonomy":"product_brand","embeddable":true,"href":"https:\/\/shop.kustom.ch\/it\/wp-json\/wp\/v2\/product_brand?post=488736"},{"taxonomy":"product_cat","embeddable":true,"href":"https:\/\/shop.kustom.ch\/it\/wp-json\/wp\/v2\/product_cat?post=488736"},{"taxonomy":"product_tag","embeddable":true,"href":"https:\/\/shop.kustom.ch\/it\/wp-json\/wp\/v2\/product_tag?post=488736"}],"curies":[{"name":"wp","href":"https:\/\/api.w.org\/{rel}","templated":true}]}}