{"id":488116,"date":"2025-01-24T00:35:04","date_gmt":"2025-01-23T23:35:04","guid":{"rendered":"https:\/\/shop.kustom.ch\/?post_type=product&#038;p=488116"},"modified":"2026-03-31T13:13:18","modified_gmt":"2026-03-31T12:13:18","slug":"classic-hoody-women","status":"publish","type":"product","link":"https:\/\/shop.kustom.ch\/it\/prodotto\/classic-hoody-women\/","title":{"rendered":"Felpa con cappuccio Classic Donna"},"content":{"rendered":"<p>Hochwertiger Kapuzensweater in modernem Look. K\u00e4nguru Tasche mit Extrafach f\u00fcr Smartphone und Kopfh\u00f6rerf\u00fchrung Innen. Kapuze mit kontrastfarbenen Innenfutter und elastischem Kordelzug. Elastische Rippenb\u00fcndchen an den \u00c4rmeln und am Bund. Ton-in-Ton Flatlockn\u00e4hte.<\/p>\n<p>Material: 80% Baumwolle, 20% Polyester (Blaumeliert [565], Gr\u00fcnmeliert [676], Anthrazitmeliert [955]: 60% Baumwolle, 40% Polyester. Graumeliert [95]: 85% Baumwolle, 15% Viskose)<\/p>\n","protected":false},"excerpt":{"rendered":"<p>Hochwertiger Kapuzensweater in modernem Look. K\u00e4nguru Tasche mit Extrafach f\u00fcr Smartphone und Kopfh\u00f6rerf\u00fchrung Innen. Kapuze mit kontrastfarbenen Innenfutter und elastischem Kordelzug. Elastische Rippenb\u00fcndchen an den \u00c4rmeln und am Bund. Ton-in-Ton Flatlockn\u00e4hte. Material: 80% Baumwolle, 20% Polyester (Blaumeliert [565], Gr\u00fcnmeliert [676], Anthrazitmeliert [955]: 60% Baumwolle, 40% Polyester. Graumeliert [95]: 85% Baumwolle, 15% Viskose)<\/p>\n","protected":false},"featured_media":488155,"template":"","meta":[],"product_brand":[],"product_cat":[4184],"product_tag":[],"class_list":{"0":"post-488116","1":"product","2":"type-product","3":"status-publish","4":"has-post-thumbnail","6":"product_cat-hoodies-pullover","7":"pa_brand-clique","8":"pa_brand-type-sportswear","9":"pa_filter-color-blau","10":"pa_filter-color-grau","11":"pa_filter-color-gruen","12":"pa_filter-color-rot","13":"pa_filter-color-schwarz","15":"first","16":"instock","17":"sale","18":"taxable","19":"shipping-taxable","20":"purchasable","21":"product-type-variable","22":"add-to-wishlist-before_image"},"exclude_global_add_ons":[],"addons":[],"acf":[],"_links":{"self":[{"href":"https:\/\/shop.kustom.ch\/it\/wp-json\/wp\/v2\/product\/488116"}],"collection":[{"href":"https:\/\/shop.kustom.ch\/it\/wp-json\/wp\/v2\/product"}],"about":[{"href":"https:\/\/shop.kustom.ch\/it\/wp-json\/wp\/v2\/types\/product"}],"wp:featuredmedia":[{"embeddable":true,"href":"https:\/\/shop.kustom.ch\/it\/wp-json\/wp\/v2\/media\/488155"}],"wp:attachment":[{"href":"https:\/\/shop.kustom.ch\/it\/wp-json\/wp\/v2\/media?parent=488116"}],"wp:term":[{"taxonomy":"product_brand","embeddable":true,"href":"https:\/\/shop.kustom.ch\/it\/wp-json\/wp\/v2\/product_brand?post=488116"},{"taxonomy":"product_cat","embeddable":true,"href":"https:\/\/shop.kustom.ch\/it\/wp-json\/wp\/v2\/product_cat?post=488116"},{"taxonomy":"product_tag","embeddable":true,"href":"https:\/\/shop.kustom.ch\/it\/wp-json\/wp\/v2\/product_tag?post=488116"}],"curies":[{"name":"wp","href":"https:\/\/api.w.org\/{rel}","templated":true}]}}