{"id":487914,"date":"2025-01-24T00:34:20","date_gmt":"2025-01-23T23:34:20","guid":{"rendered":"https:\/\/shop.kustom.ch\/produkt\/classic-half-zip\/"},"modified":"2026-03-31T13:09:39","modified_gmt":"2026-03-31T12:09:39","slug":"classic-half-zip","status":"publish","type":"product","link":"https:\/\/shop.kustom.ch\/it\/prodotto\/classic-half-zip\/","title":{"rendered":"Mezza zip classica"},"content":{"rendered":"<p>Hochwertiges Unisex Sweat Shirt mit 1\/2 Zip. Versteckte Seitentasche mit Reissverschluss und Kopfh\u00f6hrerf\u00fchrung. Ton-in-Ton Flachn\u00e4hte und Rippenb\u00fcndchen an \u00c4rmeln und Bund.<\/p>\n<p>Material: 80% Baumwolle, 20% Polyester (Anthrazitmeliert [955] 60% Baumwolle, 40% Polyester. Graumeliert[95] 85% Baumwolle, 15% Viskose)<\/p>\n","protected":false},"excerpt":{"rendered":"<p>Hochwertiges Unisex Sweat Shirt mit 1\/2 Zip. Versteckte Seitentasche mit Reissverschluss und Kopfh\u00f6hrerf\u00fchrung. Ton-in-Ton Flachn\u00e4hte und Rippenb\u00fcndchen an \u00c4rmeln und Bund. Material: 80% Baumwolle, 20% Polyester (Anthrazitmeliert [955] 60% Baumwolle, 40% Polyester. Graumeliert[95] 85% Baumwolle, 15% Viskose)<\/p>\n","protected":false},"featured_media":487913,"template":"","meta":[],"product_brand":[],"product_cat":[4191],"product_tag":[],"class_list":{"0":"post-487914","1":"product","2":"type-product","3":"status-publish","4":"has-post-thumbnail","6":"product_cat-longsleeves-sweatshirts","7":"pa_brand-clique","8":"pa_brand-type-sportswear","9":"pa_filter-color-blau","10":"pa_filter-color-grau","11":"pa_filter-color-schwarz","12":"pa_filter-color-weiss","14":"first","15":"instock","16":"sale","17":"taxable","18":"shipping-taxable","19":"purchasable","20":"product-type-variable","21":"add-to-wishlist-before_image"},"exclude_global_add_ons":[],"addons":[],"acf":[],"_links":{"self":[{"href":"https:\/\/shop.kustom.ch\/it\/wp-json\/wp\/v2\/product\/487914"}],"collection":[{"href":"https:\/\/shop.kustom.ch\/it\/wp-json\/wp\/v2\/product"}],"about":[{"href":"https:\/\/shop.kustom.ch\/it\/wp-json\/wp\/v2\/types\/product"}],"wp:featuredmedia":[{"embeddable":true,"href":"https:\/\/shop.kustom.ch\/it\/wp-json\/wp\/v2\/media\/487913"}],"wp:attachment":[{"href":"https:\/\/shop.kustom.ch\/it\/wp-json\/wp\/v2\/media?parent=487914"}],"wp:term":[{"taxonomy":"product_brand","embeddable":true,"href":"https:\/\/shop.kustom.ch\/it\/wp-json\/wp\/v2\/product_brand?post=487914"},{"taxonomy":"product_cat","embeddable":true,"href":"https:\/\/shop.kustom.ch\/it\/wp-json\/wp\/v2\/product_cat?post=487914"},{"taxonomy":"product_tag","embeddable":true,"href":"https:\/\/shop.kustom.ch\/it\/wp-json\/wp\/v2\/product_tag?post=487914"}],"curies":[{"name":"wp","href":"https:\/\/api.w.org\/{rel}","templated":true}]}}