{"id":487778,"date":"2025-01-24T00:33:53","date_gmt":"2025-01-23T23:33:53","guid":{"rendered":"https:\/\/shop.kustom.ch\/?post_type=product&#038;p=487778"},"modified":"2026-03-31T13:13:05","modified_gmt":"2026-03-31T12:13:05","slug":"classic-cardigan-women","status":"publish","type":"product","link":"https:\/\/shop.kustom.ch\/it\/prodotto\/classic-cardigan-women\/","title":{"rendered":"Cardigan classico donna"},"content":{"rendered":"<p>Hochwertige Sweat Jacke mit Stehkragen. Zwei Aussentaschen mit Reissverschluss und Kopfh\u00f6hrerf\u00fchrung. Ton-in-Ton Flachn\u00e4hte und Rippb\u00fcndchen an den \u00c4rmeln und am Bund.<\/p>\n<p>Material: 80% Baumwolle, 20% Polyester (Anthrazitmeliert [955] 60% Baumwolle, 40% Polyester. Graumeliert[95] 85% Baumwolle, 15% Viskose)<\/p>\n","protected":false},"excerpt":{"rendered":"<p>Hochwertige Sweat Jacke mit Stehkragen. Zwei Aussentaschen mit Reissverschluss und Kopfh\u00f6hrerf\u00fchrung. Ton-in-Ton Flachn\u00e4hte und Rippb\u00fcndchen an den \u00c4rmeln und am Bund. Material: 80% Baumwolle, 20% Polyester (Anthrazitmeliert [955] 60% Baumwolle, 40% Polyester. Graumeliert[95] 85% Baumwolle, 15% Viskose)<\/p>\n","protected":false},"featured_media":487827,"template":"","meta":[],"product_brand":[],"product_cat":[4191],"product_tag":[],"class_list":{"0":"post-487778","1":"product","2":"type-product","3":"status-publish","4":"has-post-thumbnail","6":"product_cat-longsleeves-sweatshirts","7":"pa_brand-clique","8":"pa_brand-type-sportswear","9":"pa_filter-color-blau","10":"pa_filter-color-grau","11":"pa_filter-color-schwarz","12":"pa_filter-color-weiss","14":"first","15":"instock","16":"sale","17":"taxable","18":"shipping-taxable","19":"purchasable","20":"product-type-variable","21":"add-to-wishlist-before_image"},"exclude_global_add_ons":[],"addons":[],"acf":[],"_links":{"self":[{"href":"https:\/\/shop.kustom.ch\/it\/wp-json\/wp\/v2\/product\/487778"}],"collection":[{"href":"https:\/\/shop.kustom.ch\/it\/wp-json\/wp\/v2\/product"}],"about":[{"href":"https:\/\/shop.kustom.ch\/it\/wp-json\/wp\/v2\/types\/product"}],"wp:featuredmedia":[{"embeddable":true,"href":"https:\/\/shop.kustom.ch\/it\/wp-json\/wp\/v2\/media\/487827"}],"wp:attachment":[{"href":"https:\/\/shop.kustom.ch\/it\/wp-json\/wp\/v2\/media?parent=487778"}],"wp:term":[{"taxonomy":"product_brand","embeddable":true,"href":"https:\/\/shop.kustom.ch\/it\/wp-json\/wp\/v2\/product_brand?post=487778"},{"taxonomy":"product_cat","embeddable":true,"href":"https:\/\/shop.kustom.ch\/it\/wp-json\/wp\/v2\/product_cat?post=487778"},{"taxonomy":"product_tag","embeddable":true,"href":"https:\/\/shop.kustom.ch\/it\/wp-json\/wp\/v2\/product_tag?post=487778"}],"curies":[{"name":"wp","href":"https:\/\/api.w.org\/{rel}","templated":true}]}}