{"id":487569,"date":"2025-01-24T00:32:50","date_gmt":"2025-01-23T23:32:50","guid":{"rendered":"https:\/\/shop.kustom.ch\/?post_type=product&#038;p=487569"},"modified":"2026-03-31T13:17:41","modified_gmt":"2026-03-31T12:17:41","slug":"cargo-pocket-stretch","status":"publish","type":"product","link":"https:\/\/shop.kustom.ch\/it\/prodotto\/cargo-pocket-stretch\/","title":{"rendered":"Tasca Cargo Stretch"},"content":{"rendered":"<p>Pantaloni moderni con taglio dritto e tasche cargo. Ideali per il tempo libero e il lavoro. Questi pantaloni unisex sono dotati di due tasche cargo laterali con patta e chiusura a velcro e di una tasca nascosta con zip.  Vita elastica e morbida per una sensazione particolarmente piacevole e un comfort ottimale.<\/p>\n<p>Materiale: 98% cotone, 2% elastan<\/p>","protected":false},"excerpt":{"rendered":"<p>Moderne Hose mit geradem Schnitt und Cargotschaschen. Ideal f\u00fcr Freizeit und Arbeit. Diese Unisex Hose hat zwei Cargo Seitentaschen mit Patte und Klettverschluss sowie eine verdeckte Tasche mit Reissverschluss. Elastischer, weicher H\u00fcftbund f\u00fcr ein besonders angenehmes Gef\u00fchl und einen optimalen Tragekomfort. Material: 98% Baumwolle, 2% Elasthan<\/p>","protected":false},"featured_media":487583,"template":"","meta":[],"product_brand":[],"product_cat":[4185],"product_tag":[],"class_list":{"0":"post-487569","1":"product","2":"type-product","3":"status-publish","4":"has-post-thumbnail","6":"product_cat-hosen","7":"pa_brand-clique","8":"pa_brand-type-sportswear","9":"pa_filter-color-blau","10":"pa_filter-color-schwarz","12":"first","13":"instock","14":"sale","15":"taxable","16":"shipping-taxable","17":"purchasable","18":"product-type-variable","19":"add-to-wishlist-before_image"},"exclude_global_add_ons":[],"addons":[],"acf":[],"_links":{"self":[{"href":"https:\/\/shop.kustom.ch\/it\/wp-json\/wp\/v2\/product\/487569"}],"collection":[{"href":"https:\/\/shop.kustom.ch\/it\/wp-json\/wp\/v2\/product"}],"about":[{"href":"https:\/\/shop.kustom.ch\/it\/wp-json\/wp\/v2\/types\/product"}],"wp:featuredmedia":[{"embeddable":true,"href":"https:\/\/shop.kustom.ch\/it\/wp-json\/wp\/v2\/media\/487583"}],"wp:attachment":[{"href":"https:\/\/shop.kustom.ch\/it\/wp-json\/wp\/v2\/media?parent=487569"}],"wp:term":[{"taxonomy":"product_brand","embeddable":true,"href":"https:\/\/shop.kustom.ch\/it\/wp-json\/wp\/v2\/product_brand?post=487569"},{"taxonomy":"product_cat","embeddable":true,"href":"https:\/\/shop.kustom.ch\/it\/wp-json\/wp\/v2\/product_cat?post=487569"},{"taxonomy":"product_tag","embeddable":true,"href":"https:\/\/shop.kustom.ch\/it\/wp-json\/wp\/v2\/product_tag?post=487569"}],"curies":[{"name":"wp","href":"https:\/\/api.w.org\/{rel}","templated":true}]}}