{"id":487436,"date":"2025-01-24T00:32:12","date_gmt":"2025-01-23T23:32:12","guid":{"rendered":"https:\/\/shop.kustom.ch\/?post_type=product&#038;p=487436"},"modified":"2026-03-31T13:17:55","modified_gmt":"2026-03-31T12:17:55","slug":"brooklyn","status":"publish","type":"product","link":"https:\/\/shop.kustom.ch\/it\/prodotto\/brooklyn\/","title":{"rendered":"Brooklyn"},"content":{"rendered":"<p>T-shirt casual da uomo con retro pi\u00f9 lungo e cucitura verticale. Colletto in materiale a doppio guscio. Nastro del collo rinforzato ed etichetta facilmente rimovibile per il rebranding.<\/p>\n<p>Materiale: cotone 100%<\/p>","protected":false},"excerpt":{"rendered":"<p>L\u00e4ssiges Herren-T-Shirt mit l\u00e4ngerem R\u00fccken mit vertikaler Naht. Kragen mit doppeltem Shellmaterial. Verst\u00e4rktes Nackenband und ein leicht abnehmbares Etikett f\u00fcr Rebranding. Material: 100% Baumwolle<\/p>","protected":false},"featured_media":487492,"template":"","meta":[],"product_brand":[],"product_cat":[4201],"product_tag":[],"class_list":{"0":"post-487436","1":"product","2":"type-product","3":"status-publish","4":"has-post-thumbnail","6":"product_cat-t-shirts","7":"pa_brand-clique","8":"pa_brand-type-sportswear","9":"pa_filter-color-blau","10":"pa_filter-color-gruen","11":"pa_filter-color-schwarz","12":"pa_filter-color-weiss","14":"first","15":"instock","16":"sale","17":"taxable","18":"shipping-taxable","19":"purchasable","20":"product-type-variable","21":"add-to-wishlist-before_image"},"exclude_global_add_ons":[],"addons":[],"acf":[],"_links":{"self":[{"href":"https:\/\/shop.kustom.ch\/it\/wp-json\/wp\/v2\/product\/487436"}],"collection":[{"href":"https:\/\/shop.kustom.ch\/it\/wp-json\/wp\/v2\/product"}],"about":[{"href":"https:\/\/shop.kustom.ch\/it\/wp-json\/wp\/v2\/types\/product"}],"wp:featuredmedia":[{"embeddable":true,"href":"https:\/\/shop.kustom.ch\/it\/wp-json\/wp\/v2\/media\/487492"}],"wp:attachment":[{"href":"https:\/\/shop.kustom.ch\/it\/wp-json\/wp\/v2\/media?parent=487436"}],"wp:term":[{"taxonomy":"product_brand","embeddable":true,"href":"https:\/\/shop.kustom.ch\/it\/wp-json\/wp\/v2\/product_brand?post=487436"},{"taxonomy":"product_cat","embeddable":true,"href":"https:\/\/shop.kustom.ch\/it\/wp-json\/wp\/v2\/product_cat?post=487436"},{"taxonomy":"product_tag","embeddable":true,"href":"https:\/\/shop.kustom.ch\/it\/wp-json\/wp\/v2\/product_tag?post=487436"}],"curies":[{"name":"wp","href":"https:\/\/api.w.org\/{rel}","templated":true}]}}