{"id":485707,"date":"2025-01-24T00:25:43","date_gmt":"2025-01-23T23:25:43","guid":{"rendered":"https:\/\/shop.kustom.ch\/?post_type=product&#038;p=485707"},"modified":"2026-03-31T13:09:16","modified_gmt":"2026-03-31T12:09:16","slug":"basic-polo","status":"publish","type":"product","link":"https:\/\/shop.kustom.ch\/it\/prodotto\/basic-polo\/","title":{"rendered":"Polo di base"},"content":{"rendered":"<p>Una polo di base con una vestibilit\u00e0 moderna per l'abbigliamento di tutti i giorni. Polsini delle maniche senza costine, 3 bottoni per l'uomo e 4 bottoni per la donna, in tinta.<\/p>\n<p>Materiale: 100% cotone (95 grigio screziato: 85% cotone, 15% viscosa \/ 955 antracite screziato: 60% cotone, 40% poliestere)<\/p>","protected":false},"excerpt":{"rendered":"<p>Ein Basic Polo Shirt mit moderner Passform f\u00fcr den Alltag. \u00c4rmelabschluss ohne Rippb\u00fcndchen, 3 Kn\u00f6pfe bei den Herren und 4 Kn\u00f6pfe bei den Damen, farblich abgestimmt. Material: 100% Baumwolle (95 Graumeliert: 85% Baumwolle, 15% Viskose \/ 955 Anthrazitmeliert: 60% Baumwolle, 40% Polyester)<\/p>","protected":false},"featured_media":485732,"template":"","meta":[],"product_brand":[],"product_cat":[4193],"product_tag":[],"class_list":{"0":"post-485707","1":"product","2":"type-product","3":"status-publish","4":"has-post-thumbnail","6":"product_cat-polos","7":"pa_brand-clique","8":"pa_brand-type-sportswear","9":"pa_filter-color-beige","10":"pa_filter-color-blau","11":"pa_filter-color-gelb","12":"pa_filter-color-grau","13":"pa_filter-color-gruen","14":"pa_filter-color-orange","15":"pa_filter-color-pink","16":"pa_filter-color-rot","17":"pa_filter-color-schwarz","18":"pa_filter-color-weiss","20":"first","21":"instock","22":"sale","23":"taxable","24":"shipping-taxable","25":"purchasable","26":"product-type-variable","27":"add-to-wishlist-before_image"},"exclude_global_add_ons":[],"addons":[],"acf":[],"_links":{"self":[{"href":"https:\/\/shop.kustom.ch\/it\/wp-json\/wp\/v2\/product\/485707"}],"collection":[{"href":"https:\/\/shop.kustom.ch\/it\/wp-json\/wp\/v2\/product"}],"about":[{"href":"https:\/\/shop.kustom.ch\/it\/wp-json\/wp\/v2\/types\/product"}],"wp:featuredmedia":[{"embeddable":true,"href":"https:\/\/shop.kustom.ch\/it\/wp-json\/wp\/v2\/media\/485732"}],"wp:attachment":[{"href":"https:\/\/shop.kustom.ch\/it\/wp-json\/wp\/v2\/media?parent=485707"}],"wp:term":[{"taxonomy":"product_brand","embeddable":true,"href":"https:\/\/shop.kustom.ch\/it\/wp-json\/wp\/v2\/product_brand?post=485707"},{"taxonomy":"product_cat","embeddable":true,"href":"https:\/\/shop.kustom.ch\/it\/wp-json\/wp\/v2\/product_cat?post=485707"},{"taxonomy":"product_tag","embeddable":true,"href":"https:\/\/shop.kustom.ch\/it\/wp-json\/wp\/v2\/product_tag?post=485707"}],"curies":[{"name":"wp","href":"https:\/\/api.w.org\/{rel}","templated":true}]}}