{"id":484803,"date":"2025-01-24T00:22:30","date_gmt":"2025-01-23T23:22:30","guid":{"rendered":"https:\/\/shop.kustom.ch\/?post_type=product&#038;p=484803"},"modified":"2026-03-31T13:11:02","modified_gmt":"2026-03-31T12:11:02","slug":"basic-cardigan-women","status":"publish","type":"product","link":"https:\/\/shop.kustom.ch\/it\/prodotto\/basic-cardigan-women\/","title":{"rendered":"Cardigan Basic Donna"},"content":{"rendered":"<p>Sweatjacke mit Stehkragen. Antistatischer Reissverschluss Ton-in-Ton und zwei Seitentaschen mit Extrafach f\u00fcr Smartphone und Kopfh\u00f6rerf\u00fchrung Innen. Elastische Rippenb\u00fcndchen an den \u00c4rmeln und am Bund.<\/p>\n<p>Material: 65% Polyester, 35% Baumwolle (HV [11], [170]: 85% Polyester, 15% Baumwolle)<\/p>\n","protected":false},"excerpt":{"rendered":"<p>Sweatjacke mit Stehkragen. Antistatischer Reissverschluss Ton-in-Ton und zwei Seitentaschen mit Extrafach f\u00fcr Smartphone und Kopfh\u00f6rerf\u00fchrung Innen. Elastische Rippenb\u00fcndchen an den \u00c4rmeln und am Bund. Material: 65% Polyester, 35% Baumwolle (HV [11], [170]: 85% Polyester, 15% Baumwolle)<\/p>\n","protected":false},"featured_media":484865,"template":"","meta":[],"product_brand":[],"product_cat":[4191],"product_tag":[],"class_list":{"0":"post-484803","1":"product","2":"type-product","3":"status-publish","4":"has-post-thumbnail","6":"product_cat-longsleeves-sweatshirts","7":"pa_brand-clique","8":"pa_brand-type-sportswear","9":"pa_filter-color-blau","10":"pa_filter-color-gelb","11":"pa_filter-color-grau","12":"pa_filter-color-orange","13":"pa_filter-color-rot","14":"pa_filter-color-schwarz","15":"pa_filter-color-weiss","17":"first","18":"instock","19":"sale","20":"taxable","21":"shipping-taxable","22":"purchasable","23":"product-type-variable","24":"add-to-wishlist-before_image"},"exclude_global_add_ons":[],"addons":[],"acf":[],"_links":{"self":[{"href":"https:\/\/shop.kustom.ch\/it\/wp-json\/wp\/v2\/product\/484803"}],"collection":[{"href":"https:\/\/shop.kustom.ch\/it\/wp-json\/wp\/v2\/product"}],"about":[{"href":"https:\/\/shop.kustom.ch\/it\/wp-json\/wp\/v2\/types\/product"}],"wp:featuredmedia":[{"embeddable":true,"href":"https:\/\/shop.kustom.ch\/it\/wp-json\/wp\/v2\/media\/484865"}],"wp:attachment":[{"href":"https:\/\/shop.kustom.ch\/it\/wp-json\/wp\/v2\/media?parent=484803"}],"wp:term":[{"taxonomy":"product_brand","embeddable":true,"href":"https:\/\/shop.kustom.ch\/it\/wp-json\/wp\/v2\/product_brand?post=484803"},{"taxonomy":"product_cat","embeddable":true,"href":"https:\/\/shop.kustom.ch\/it\/wp-json\/wp\/v2\/product_cat?post=484803"},{"taxonomy":"product_tag","embeddable":true,"href":"https:\/\/shop.kustom.ch\/it\/wp-json\/wp\/v2\/product_tag?post=484803"}],"curies":[{"name":"wp","href":"https:\/\/api.w.org\/{rel}","templated":true}]}}