{"id":484658,"date":"2025-01-24T00:21:51","date_gmt":"2025-01-23T23:21:51","guid":{"rendered":"https:\/\/shop.kustom.ch\/?post_type=product&#038;p=484658"},"modified":"2026-03-31T13:13:20","modified_gmt":"2026-03-31T12:13:20","slug":"basic-backpack-reflective","status":"publish","type":"product","link":"https:\/\/shop.kustom.ch\/it\/prodotto\/basic-backpack-reflective\/","title":{"rendered":"Zaino Basic riflettente"},"content":{"rendered":"<p>Zaino classico e semplice, a superficie piena e altamente riflettente. Superficie generosa e non rivestita per la stampa. Dimensioni e volume: 29x18x42cm \u2248 21L<\/p>\n<p>Materiale: poliestere 600D + rivestimento in PU riflettente; Riflettenza: 250 lumen<\/p>","protected":false},"excerpt":{"rendered":"<p>Klassisch schlichter Rucksack, vollfl\u00e4chig und stark reflektierend. Grossz\u00fcgige, unbeschichtete Oberfl\u00e4che zum Bedrucken. Abmessungen und Volumen: 29x18x42cm \u2248 21L Material: 600D Polyester + reflektierende PU-Beschichtung ; Reflexionsgrad: 250 lumen<\/p>","protected":false},"featured_media":484724,"template":"","meta":[],"product_brand":[],"product_cat":[4195,4209],"product_tag":[],"class_list":{"0":"post-484658","1":"product","2":"type-product","3":"status-publish","4":"has-post-thumbnail","6":"product_cat-rucksaecke-taschen","7":"product_cat-zubehoer","8":"pa_brand-clique","9":"pa_brand-type-sportswear","10":"pa_filter-color-weiss","12":"first","13":"instock","14":"sale","15":"taxable","16":"shipping-taxable","17":"purchasable","18":"product-type-variable","19":"add-to-wishlist-before_image"},"exclude_global_add_ons":[],"addons":[],"acf":[],"_links":{"self":[{"href":"https:\/\/shop.kustom.ch\/it\/wp-json\/wp\/v2\/product\/484658"}],"collection":[{"href":"https:\/\/shop.kustom.ch\/it\/wp-json\/wp\/v2\/product"}],"about":[{"href":"https:\/\/shop.kustom.ch\/it\/wp-json\/wp\/v2\/types\/product"}],"wp:featuredmedia":[{"embeddable":true,"href":"https:\/\/shop.kustom.ch\/it\/wp-json\/wp\/v2\/media\/484724"}],"wp:attachment":[{"href":"https:\/\/shop.kustom.ch\/it\/wp-json\/wp\/v2\/media?parent=484658"}],"wp:term":[{"taxonomy":"product_brand","embeddable":true,"href":"https:\/\/shop.kustom.ch\/it\/wp-json\/wp\/v2\/product_brand?post=484658"},{"taxonomy":"product_cat","embeddable":true,"href":"https:\/\/shop.kustom.ch\/it\/wp-json\/wp\/v2\/product_cat?post=484658"},{"taxonomy":"product_tag","embeddable":true,"href":"https:\/\/shop.kustom.ch\/it\/wp-json\/wp\/v2\/product_tag?post=484658"}],"curies":[{"name":"wp","href":"https:\/\/api.w.org\/{rel}","templated":true}]}}