{"id":484518,"date":"2025-01-24T00:21:18","date_gmt":"2025-01-23T23:21:18","guid":{"rendered":"https:\/\/shop.kustom.ch\/?post_type=product&#038;p=484518"},"modified":"2026-03-31T13:14:35","modified_gmt":"2026-03-31T12:14:35","slug":"basic-active-t-l-s","status":"publish","type":"product","link":"https:\/\/shop.kustom.ch\/it\/prodotto\/basic-active-t-l-s\/","title":{"rendered":"Basic Active-T L\/S"},"content":{"rendered":"<p>T-shirt funzionale a maniche lunghe con colorazione tinta in massa e tessuto interlock. Con fettuccia sul collo, colletto e cuciture laterali rinforzate. Etichetta facilmente rimovibile per il rebranding. Protezione UV 50.<\/p>\n<p>Materiale: poliestere 100%.<\/p>","protected":false},"excerpt":{"rendered":"<p>Ein Langarm Funktions T-Shirt mit Spun Dyed Einf\u00e4rbung und Interlock Gewebe. Mit Nackenband, verst\u00e4rktem Kragen und Seitenn\u00e4hten. Ein leicht abnehmbares Etikett f\u00fcr Rebranding. UV-Schutz 50. Material: 100% Polyester.<\/p>","protected":false},"featured_media":484584,"template":"","meta":[],"product_brand":[],"product_cat":[4201],"product_tag":[],"class_list":{"0":"post-484518","1":"product","2":"type-product","3":"status-publish","4":"has-post-thumbnail","6":"product_cat-t-shirts","7":"pa_brand-clique","8":"pa_brand-type-sportswear","9":"pa_filter-color-grau","10":"pa_filter-color-schwarz","11":"pa_filter-color-weiss","13":"first","14":"instock","15":"sale","16":"taxable","17":"shipping-taxable","18":"purchasable","19":"product-type-variable","20":"add-to-wishlist-before_image"},"exclude_global_add_ons":[],"addons":[],"acf":[],"_links":{"self":[{"href":"https:\/\/shop.kustom.ch\/it\/wp-json\/wp\/v2\/product\/484518"}],"collection":[{"href":"https:\/\/shop.kustom.ch\/it\/wp-json\/wp\/v2\/product"}],"about":[{"href":"https:\/\/shop.kustom.ch\/it\/wp-json\/wp\/v2\/types\/product"}],"wp:featuredmedia":[{"embeddable":true,"href":"https:\/\/shop.kustom.ch\/it\/wp-json\/wp\/v2\/media\/484584"}],"wp:attachment":[{"href":"https:\/\/shop.kustom.ch\/it\/wp-json\/wp\/v2\/media?parent=484518"}],"wp:term":[{"taxonomy":"product_brand","embeddable":true,"href":"https:\/\/shop.kustom.ch\/it\/wp-json\/wp\/v2\/product_brand?post=484518"},{"taxonomy":"product_cat","embeddable":true,"href":"https:\/\/shop.kustom.ch\/it\/wp-json\/wp\/v2\/product_cat?post=484518"},{"taxonomy":"product_tag","embeddable":true,"href":"https:\/\/shop.kustom.ch\/it\/wp-json\/wp\/v2\/product_tag?post=484518"}],"curies":[{"name":"wp","href":"https:\/\/api.w.org\/{rel}","templated":true}]}}