{"id":484517,"date":"2025-01-24T00:21:18","date_gmt":"2025-01-23T23:21:18","guid":{"rendered":"https:\/\/shop.kustom.ch\/?post_type=product&#038;p=484517"},"modified":"2026-03-31T13:13:10","modified_gmt":"2026-03-31T12:13:10","slug":"basic-active-t-junior","status":"publish","type":"product","link":"https:\/\/shop.kustom.ch\/it\/prodotto\/basic-active-t-junior\/","title":{"rendered":"Base Active-T Junior"},"content":{"rendered":"<p>T-shirt basic funzionale con colorazione tinta in massa e tessuto interlock. Con fettuccia sul collo, colletto e cuciture laterali rinforzate. Etichetta facilmente rimovibile per il rebranding. Protezione UV 50.<\/p>\n<p>Materiale: poliestere 100%.<\/p>","protected":false},"excerpt":{"rendered":"<p>Ein funktionelles Basic T-Shirt mit Spun Dyed Einf\u00e4rbung und Interlock Gewebe. Mit Nackenband, verst\u00e4rktem Kragen und Seitenn\u00e4hten. Ein leicht abnehmbares Etikett f\u00fcr Rebranding. UV-Schutz 50. Material: 100% Polyester.<\/p>","protected":false},"featured_media":484564,"template":"","meta":[],"product_brand":[],"product_cat":[4201],"product_tag":[],"class_list":{"0":"post-484517","1":"product","2":"type-product","3":"status-publish","4":"has-post-thumbnail","6":"product_cat-t-shirts","7":"pa_brand-clique","8":"pa_brand-type-sportswear","9":"pa_filter-color-blau","10":"pa_filter-color-rot","11":"pa_filter-color-schwarz","12":"pa_filter-color-weiss","14":"first","15":"instock","16":"sale","17":"taxable","18":"shipping-taxable","19":"purchasable","20":"product-type-variable","21":"add-to-wishlist-before_image"},"exclude_global_add_ons":[],"addons":[],"acf":[],"_links":{"self":[{"href":"https:\/\/shop.kustom.ch\/it\/wp-json\/wp\/v2\/product\/484517"}],"collection":[{"href":"https:\/\/shop.kustom.ch\/it\/wp-json\/wp\/v2\/product"}],"about":[{"href":"https:\/\/shop.kustom.ch\/it\/wp-json\/wp\/v2\/types\/product"}],"wp:featuredmedia":[{"embeddable":true,"href":"https:\/\/shop.kustom.ch\/it\/wp-json\/wp\/v2\/media\/484564"}],"wp:attachment":[{"href":"https:\/\/shop.kustom.ch\/it\/wp-json\/wp\/v2\/media?parent=484517"}],"wp:term":[{"taxonomy":"product_brand","embeddable":true,"href":"https:\/\/shop.kustom.ch\/it\/wp-json\/wp\/v2\/product_brand?post=484517"},{"taxonomy":"product_cat","embeddable":true,"href":"https:\/\/shop.kustom.ch\/it\/wp-json\/wp\/v2\/product_cat?post=484517"},{"taxonomy":"product_tag","embeddable":true,"href":"https:\/\/shop.kustom.ch\/it\/wp-json\/wp\/v2\/product_tag?post=484517"}],"curies":[{"name":"wp","href":"https:\/\/api.w.org\/{rel}","templated":true}]}}