{"id":484244,"date":"2025-01-24T00:20:15","date_gmt":"2025-01-23T23:20:15","guid":{"rendered":"https:\/\/shop.kustom.ch\/?post_type=product&#038;p=484244"},"modified":"2026-03-31T13:20:38","modified_gmt":"2026-03-31T12:20:38","slug":"basic-active-polo","status":"publish","type":"product","link":"https:\/\/shop.kustom.ch\/it\/prodotto\/basic-active-polo\/","title":{"rendered":"Polo attiva di base"},"content":{"rendered":"<p>Polo basic unisex adatta all'uso quotidiano con una vestibilit\u00e0 perfetta. Struttura in tessuto piqu\u00e9 tinto in massa. Con tre bottoni tono su tono, spacchi laterali e nastro rinforzato sul collo. Etichetta facilmente rimovibile per il rebranding. Protezione UV 25.<\/p>\n<p>Materiale: poliestere 100%<\/p>","protected":false},"excerpt":{"rendered":"<p>Alltagstaugliches Unisex Basic Poloshirt mit perfekter Passform. Spinngef\u00e4rbte Pique Gewebestruktur. Mit drei Ton-in-Ton Kn\u00f6pfen, Seitenschlitzen und verst\u00e4rktem Nackenband. Ein leicht abnehmbares Etikett f\u00fcr Rebranding. UV-Schutz 25. Material: 100% Polyester<\/p>","protected":false},"featured_media":484293,"template":"","meta":[],"product_brand":[],"product_cat":[4193],"product_tag":[],"class_list":{"0":"post-484244","1":"product","2":"type-product","3":"status-publish","4":"has-post-thumbnail","6":"product_cat-polos","7":"pa_brand-clique","8":"pa_brand-type-sportswear","9":"pa_filter-color-blau","10":"pa_filter-color-rot","11":"pa_filter-color-schwarz","12":"pa_filter-color-weiss","14":"first","15":"instock","16":"sale","17":"taxable","18":"shipping-taxable","19":"purchasable","20":"product-type-variable","21":"add-to-wishlist-before_image"},"exclude_global_add_ons":[],"addons":[],"acf":[],"_links":{"self":[{"href":"https:\/\/shop.kustom.ch\/it\/wp-json\/wp\/v2\/product\/484244"}],"collection":[{"href":"https:\/\/shop.kustom.ch\/it\/wp-json\/wp\/v2\/product"}],"about":[{"href":"https:\/\/shop.kustom.ch\/it\/wp-json\/wp\/v2\/types\/product"}],"wp:featuredmedia":[{"embeddable":true,"href":"https:\/\/shop.kustom.ch\/it\/wp-json\/wp\/v2\/media\/484293"}],"wp:attachment":[{"href":"https:\/\/shop.kustom.ch\/it\/wp-json\/wp\/v2\/media?parent=484244"}],"wp:term":[{"taxonomy":"product_brand","embeddable":true,"href":"https:\/\/shop.kustom.ch\/it\/wp-json\/wp\/v2\/product_brand?post=484244"},{"taxonomy":"product_cat","embeddable":true,"href":"https:\/\/shop.kustom.ch\/it\/wp-json\/wp\/v2\/product_cat?post=484244"},{"taxonomy":"product_tag","embeddable":true,"href":"https:\/\/shop.kustom.ch\/it\/wp-json\/wp\/v2\/product_tag?post=484244"}],"curies":[{"name":"wp","href":"https:\/\/api.w.org\/{rel}","templated":true}]}}