{"id":484243,"date":"2025-01-24T00:20:15","date_gmt":"2025-01-23T23:20:15","guid":{"rendered":"https:\/\/shop.kustom.ch\/?post_type=product&#038;p=484243"},"modified":"2026-03-31T13:14:30","modified_gmt":"2026-03-31T12:14:30","slug":"basic-active-pants-junior","status":"publish","type":"product","link":"https:\/\/shop.kustom.ch\/it\/prodotto\/basic-active-pants-junior\/","title":{"rendered":"Pantaloni Basic Active Junior"},"content":{"rendered":"<p>Pantaloni junior sportivi e tinti in filo. Due tasche anteriori e polsini elasticizzati. La taglia 90\/100 \u00e8 senza coulisse per una maggiore sicurezza del bambino. Un'etichetta facilmente rimovibile per il rebranding.<\/p>\n<p>Materiale: poliestere 100% tinto in filo<\/p>","protected":false},"excerpt":{"rendered":"<p>Sportliche, spinngef\u00e4rbte Junior Pants. Zwei Vordertaschen und elastische Beinabschl\u00fcsse. Gr\u00f6sse 90\/100 ist ohne Kordelzug f\u00fcr verbesserte Kindersicherheit. Ein leicht abnehmbares Etikett f\u00fcr Rebranding. Material: 100% Spun Dyed Polyester<\/p>","protected":false},"featured_media":484278,"template":"","meta":[],"product_brand":[],"product_cat":[4185,4191],"product_tag":[],"class_list":{"0":"post-484243","1":"product","2":"type-product","3":"status-publish","4":"has-post-thumbnail","6":"product_cat-hosen","7":"product_cat-longsleeves-sweatshirts","8":"pa_brand-clique","9":"pa_brand-type-sportswear","10":"pa_filter-color-blau","11":"pa_filter-color-grau","12":"pa_filter-color-schwarz","14":"first","15":"instock","16":"sale","17":"taxable","18":"shipping-taxable","19":"purchasable","20":"product-type-variable","21":"add-to-wishlist-before_image"},"exclude_global_add_ons":[],"addons":[],"acf":[],"_links":{"self":[{"href":"https:\/\/shop.kustom.ch\/it\/wp-json\/wp\/v2\/product\/484243"}],"collection":[{"href":"https:\/\/shop.kustom.ch\/it\/wp-json\/wp\/v2\/product"}],"about":[{"href":"https:\/\/shop.kustom.ch\/it\/wp-json\/wp\/v2\/types\/product"}],"wp:featuredmedia":[{"embeddable":true,"href":"https:\/\/shop.kustom.ch\/it\/wp-json\/wp\/v2\/media\/484278"}],"wp:attachment":[{"href":"https:\/\/shop.kustom.ch\/it\/wp-json\/wp\/v2\/media?parent=484243"}],"wp:term":[{"taxonomy":"product_brand","embeddable":true,"href":"https:\/\/shop.kustom.ch\/it\/wp-json\/wp\/v2\/product_brand?post=484243"},{"taxonomy":"product_cat","embeddable":true,"href":"https:\/\/shop.kustom.ch\/it\/wp-json\/wp\/v2\/product_cat?post=484243"},{"taxonomy":"product_tag","embeddable":true,"href":"https:\/\/shop.kustom.ch\/it\/wp-json\/wp\/v2\/product_tag?post=484243"}],"curies":[{"name":"wp","href":"https:\/\/api.w.org\/{rel}","templated":true}]}}