{"id":484173,"date":"2025-01-24T00:19:57","date_gmt":"2025-01-23T23:19:57","guid":{"rendered":"https:\/\/shop.kustom.ch\/?post_type=product&#038;p=484173"},"modified":"2026-03-31T13:19:55","modified_gmt":"2026-03-31T12:19:55","slug":"basic-active-hoody-junior","status":"publish","type":"product","link":"https:\/\/shop.kustom.ch\/it\/prodotto\/basic-active-hoody-junior\/","title":{"rendered":"Felpa con cappuccio Basic Active Junior"},"content":{"rendered":"<p>Maglia con cappuccio junior tinta in filo con tasche a canguro. Nastro al collo con motivo a spina di pesce, polsini e vita a coste. Prodotto appositamente senza coulisse per una maggiore sicurezza del bambino. Guida per le cuffie. Etichetta facilmente rimovibile per il rebranding.<\/p>\n<p>Materiale: poliestere 100% tinto in massa<\/p>","protected":false},"excerpt":{"rendered":"<p>Spinngef\u00e4rbter Junior Kapuzensweater mit K\u00e4nguru Taschen. Nackenband mit Fischgr\u00e4tenmuster, gerippte \u00c4rmelabschl\u00fcsse und gerippter Bund. Extra ohne Kordelzug produziert f\u00fcr verbesserte Kindersicherheit. Kopfh\u00f6rerf\u00fchrung. Ein leicht abnehmbares Etikett f\u00fcr Rebranding. Material: 100% spinngef\u00e4rbter Polyester<\/p>","protected":false},"featured_media":484223,"template":"","meta":[],"product_brand":[],"product_cat":[4184],"product_tag":[],"class_list":{"0":"post-484173","1":"product","2":"type-product","3":"status-publish","4":"has-post-thumbnail","6":"product_cat-hoodies-pullover","7":"pa_brand-clique","8":"pa_brand-type-sportswear","9":"pa_filter-color-blau","10":"pa_filter-color-grau","11":"pa_filter-color-rot","12":"pa_filter-color-schwarz","14":"first","15":"instock","16":"sale","17":"taxable","18":"shipping-taxable","19":"purchasable","20":"product-type-variable","21":"add-to-wishlist-before_image"},"exclude_global_add_ons":[],"addons":[],"acf":[],"_links":{"self":[{"href":"https:\/\/shop.kustom.ch\/it\/wp-json\/wp\/v2\/product\/484173"}],"collection":[{"href":"https:\/\/shop.kustom.ch\/it\/wp-json\/wp\/v2\/product"}],"about":[{"href":"https:\/\/shop.kustom.ch\/it\/wp-json\/wp\/v2\/types\/product"}],"wp:featuredmedia":[{"embeddable":true,"href":"https:\/\/shop.kustom.ch\/it\/wp-json\/wp\/v2\/media\/484223"}],"wp:attachment":[{"href":"https:\/\/shop.kustom.ch\/it\/wp-json\/wp\/v2\/media?parent=484173"}],"wp:term":[{"taxonomy":"product_brand","embeddable":true,"href":"https:\/\/shop.kustom.ch\/it\/wp-json\/wp\/v2\/product_brand?post=484173"},{"taxonomy":"product_cat","embeddable":true,"href":"https:\/\/shop.kustom.ch\/it\/wp-json\/wp\/v2\/product_cat?post=484173"},{"taxonomy":"product_tag","embeddable":true,"href":"https:\/\/shop.kustom.ch\/it\/wp-json\/wp\/v2\/product_tag?post=484173"}],"curies":[{"name":"wp","href":"https:\/\/api.w.org\/{rel}","templated":true}]}}