{"id":484035,"date":"2025-01-24T00:19:27","date_gmt":"2025-01-23T23:19:27","guid":{"rendered":"https:\/\/shop.kustom.ch\/?post_type=product&#038;p=484035"},"modified":"2026-03-31T13:13:54","modified_gmt":"2026-03-31T12:13:54","slug":"basic-active-hoody","status":"publish","type":"product","link":"https:\/\/shop.kustom.ch\/it\/prodotto\/basic-active-hoody\/","title":{"rendered":"Felpa con cappuccio Basic Active"},"content":{"rendered":"<p>Maglia con cappuccio unisex in tinta unita. Tasca a canguro e tasca sulla manica tono su tono con zip. Cappuccio piatto con coulisse, nastro sul collo con motivo a spina di pesce, polsini e vita a coste. Guida per le cuffie. Un'etichetta facilmente rimovibile per il rebranding.<\/p>\n<p>Materiale: poliestere 100%<\/p>","protected":false},"excerpt":{"rendered":"<p>Unisex Kapuzensweater in Spun-Dyed Einf\u00e4rbung. K\u00e4nguru Tasche und Ton-in-Ton \u00c4rmeltasche mit Reissverschluss. Flacher Kapuzen Kordelzug, Nackenband mit Fischgr\u00e4tenmuster, gerippte \u00c4rmelabschl\u00fcsse und gerippter Bund. Kopfh\u00f6rerf\u00fchrung. Ein leicht abnehmbares Etikett f\u00fcr Rebranding. Material: 100% Polyester<\/p>","protected":false},"featured_media":484070,"template":"","meta":[],"product_brand":[],"product_cat":[4184],"product_tag":[],"class_list":{"0":"post-484035","1":"product","2":"type-product","3":"status-publish","4":"has-post-thumbnail","6":"product_cat-hoodies-pullover","7":"pa_brand-clique","8":"pa_brand-type-sportswear","9":"pa_filter-color-blau","10":"pa_filter-color-grau","11":"pa_filter-color-rot","12":"pa_filter-color-schwarz","13":"pa_filter-color-weiss","15":"first","16":"instock","17":"sale","18":"taxable","19":"shipping-taxable","20":"purchasable","21":"product-type-variable","22":"add-to-wishlist-before_image"},"exclude_global_add_ons":[],"addons":[],"acf":[],"_links":{"self":[{"href":"https:\/\/shop.kustom.ch\/it\/wp-json\/wp\/v2\/product\/484035"}],"collection":[{"href":"https:\/\/shop.kustom.ch\/it\/wp-json\/wp\/v2\/product"}],"about":[{"href":"https:\/\/shop.kustom.ch\/it\/wp-json\/wp\/v2\/types\/product"}],"wp:featuredmedia":[{"embeddable":true,"href":"https:\/\/shop.kustom.ch\/it\/wp-json\/wp\/v2\/media\/484070"}],"wp:attachment":[{"href":"https:\/\/shop.kustom.ch\/it\/wp-json\/wp\/v2\/media?parent=484035"}],"wp:term":[{"taxonomy":"product_brand","embeddable":true,"href":"https:\/\/shop.kustom.ch\/it\/wp-json\/wp\/v2\/product_brand?post=484035"},{"taxonomy":"product_cat","embeddable":true,"href":"https:\/\/shop.kustom.ch\/it\/wp-json\/wp\/v2\/product_cat?post=484035"},{"taxonomy":"product_tag","embeddable":true,"href":"https:\/\/shop.kustom.ch\/it\/wp-json\/wp\/v2\/product_tag?post=484035"}],"curies":[{"name":"wp","href":"https:\/\/api.w.org\/{rel}","templated":true}]}}