{"id":483822,"date":"2025-01-24T00:10:11","date_gmt":"2025-01-23T23:10:11","guid":{"rendered":"https:\/\/shop.kustom.ch\/?post_type=product&#038;p=483822"},"modified":"2026-03-31T13:14:39","modified_gmt":"2026-03-31T12:14:39","slug":"austin","status":"publish","type":"product","link":"https:\/\/shop.kustom.ch\/it\/prodotto\/austin\/","title":{"rendered":"Austin"},"content":{"rendered":"<p>Polo da uomo con strisce colorate a contrasto sul colletto e sulle maniche. Spacchetti laterali dal design elaborato e tre bottoni tono su tono. Nastro del collo rinforzato ed etichetta facilmente rimovibile per il rebranding.<\/p>\n<p>Materiale: cotone 100%<\/p>","protected":false},"excerpt":{"rendered":"<p>Herren Poloshirt mit farbigem Kontraststreifen am Kragen und an den \u00c4rmeln. Aufwendig gestaltete Seitenschlitze und drei Ton-in-Ton-Kn\u00f6pfe. Verst\u00e4rktes Nackenband und eine leicht abnehmbare Etikette f\u00fcr Rebranding. Material: 100% Baumwolle<\/p>","protected":false},"featured_media":483853,"template":"","meta":[],"product_brand":[],"product_cat":[4193],"product_tag":[],"class_list":{"0":"post-483822","1":"product","2":"type-product","3":"status-publish","4":"has-post-thumbnail","6":"product_cat-polos","7":"pa_brand-clique","8":"pa_brand-type-sportswear","9":"pa_filter-color-blau","10":"pa_filter-color-grau","11":"pa_filter-color-schwarz","12":"pa_filter-color-weiss","14":"first","15":"instock","16":"sale","17":"taxable","18":"shipping-taxable","19":"purchasable","20":"product-type-variable","21":"add-to-wishlist-before_image"},"exclude_global_add_ons":[],"addons":[],"acf":[],"_links":{"self":[{"href":"https:\/\/shop.kustom.ch\/it\/wp-json\/wp\/v2\/product\/483822"}],"collection":[{"href":"https:\/\/shop.kustom.ch\/it\/wp-json\/wp\/v2\/product"}],"about":[{"href":"https:\/\/shop.kustom.ch\/it\/wp-json\/wp\/v2\/types\/product"}],"wp:featuredmedia":[{"embeddable":true,"href":"https:\/\/shop.kustom.ch\/it\/wp-json\/wp\/v2\/media\/483853"}],"wp:attachment":[{"href":"https:\/\/shop.kustom.ch\/it\/wp-json\/wp\/v2\/media?parent=483822"}],"wp:term":[{"taxonomy":"product_brand","embeddable":true,"href":"https:\/\/shop.kustom.ch\/it\/wp-json\/wp\/v2\/product_brand?post=483822"},{"taxonomy":"product_cat","embeddable":true,"href":"https:\/\/shop.kustom.ch\/it\/wp-json\/wp\/v2\/product_cat?post=483822"},{"taxonomy":"product_tag","embeddable":true,"href":"https:\/\/shop.kustom.ch\/it\/wp-json\/wp\/v2\/product_tag?post=483822"}],"curies":[{"name":"wp","href":"https:\/\/api.w.org\/{rel}","templated":true}]}}