{"id":483478,"date":"2025-01-24T00:08:09","date_gmt":"2025-01-23T23:08:09","guid":{"rendered":"https:\/\/shop.kustom.ch\/?post_type=product&#038;p=483478"},"modified":"2026-03-31T13:17:04","modified_gmt":"2026-03-31T12:17:04","slug":"2-0-duffle","status":"publish","type":"product","link":"https:\/\/shop.kustom.ch\/it\/prodotto\/2-0-duffle\/","title":{"rendered":"Borsone 2.0"},"content":{"rendered":"<p>Un borsone da allenamento versatile con una buona ventilazione. Lo scomparto principale \u00e8 ventilato e dispone di tasche con cerniera e di un portachiavi. Si trasporta con due maniglie o con una tracolla staccabile con spallaccio e portabiglietti da visita. Sul lato \u00e8 presente uno scomparto ventilato per scarpe\/asciugamani. Dimensioni e volume: 48\u00d725,5\u00d728,5 cm - 34L<\/p>\n<p>Materiale: 100% poliestere shantung pongee con rivestimento in PU<\/p>","protected":false},"excerpt":{"rendered":"<p>Eine vielseitige Trainingsduffel mit guter Bel\u00fcftung. Das Hauptfach ist bel\u00fcftet und hat Reissverschlusstaschen und einen Schl\u00fcsselanh\u00e4nger. Er wird mit zwei Griffen oder einem abnehmbaren Schultergurt mit einem Schulterpolster mit Visitenkartenschlitz getragen. An seiner Seite befindet sich ein bel\u00fcftetes Schuh-\/Handtuchfach. Abmessungen und Volumen: 48&#215;25,5&#215;28,5cm -34L Material: 100% Polyester Shantung Pongee mit PU-Beschichtung<\/p>","protected":false},"featured_media":483509,"template":"","meta":[],"product_brand":[],"product_cat":[4195,4209],"product_tag":[],"class_list":{"0":"post-483478","1":"product","2":"type-product","3":"status-publish","4":"has-post-thumbnail","6":"product_cat-rucksaecke-taschen","7":"product_cat-zubehoer","8":"pa_brand-clique","9":"pa_brand-type-sportswear","10":"pa_filter-color-schwarz","12":"first","13":"instock","14":"sale","15":"taxable","16":"shipping-taxable","17":"purchasable","18":"product-type-variable","19":"add-to-wishlist-before_image"},"exclude_global_add_ons":[],"addons":[],"acf":[],"_links":{"self":[{"href":"https:\/\/shop.kustom.ch\/it\/wp-json\/wp\/v2\/product\/483478"}],"collection":[{"href":"https:\/\/shop.kustom.ch\/it\/wp-json\/wp\/v2\/product"}],"about":[{"href":"https:\/\/shop.kustom.ch\/it\/wp-json\/wp\/v2\/types\/product"}],"wp:featuredmedia":[{"embeddable":true,"href":"https:\/\/shop.kustom.ch\/it\/wp-json\/wp\/v2\/media\/483509"}],"wp:attachment":[{"href":"https:\/\/shop.kustom.ch\/it\/wp-json\/wp\/v2\/media?parent=483478"}],"wp:term":[{"taxonomy":"product_brand","embeddable":true,"href":"https:\/\/shop.kustom.ch\/it\/wp-json\/wp\/v2\/product_brand?post=483478"},{"taxonomy":"product_cat","embeddable":true,"href":"https:\/\/shop.kustom.ch\/it\/wp-json\/wp\/v2\/product_cat?post=483478"},{"taxonomy":"product_tag","embeddable":true,"href":"https:\/\/shop.kustom.ch\/it\/wp-json\/wp\/v2\/product_tag?post=483478"}],"curies":[{"name":"wp","href":"https:\/\/api.w.org\/{rel}","templated":true}]}}