{"id":483476,"date":"2025-01-24T00:08:09","date_gmt":"2025-01-23T23:08:09","guid":{"rendered":"https:\/\/shop.kustom.ch\/?post_type=product&#038;p=483476"},"modified":"2026-03-31T13:14:40","modified_gmt":"2026-03-31T12:14:40","slug":"2-0-cooler-backpack","status":"publish","type":"product","link":"https:\/\/shop.kustom.ch\/it\/prodotto\/2-0-cooler-backpack\/","title":{"rendered":"Zaino refrigerante 2.0"},"content":{"rendered":"<p>Il bagaglio perfetto per tenere al fresco bevande e cibi. Due ampi scomparti: uno ben isolato e uno normale con tasche organizer in rete e un moschettone per il mazzo di chiavi. Due tasche di facile accesso e maniglia robusta. Due ampie tasche in rete sui lati. Apribottiglie sulla zip principale. Elementi riflettenti per una buona visibilit\u00e0 notturna. Dimensioni e volume: 43,5 x 31 x 17 cm - 23 litri<\/p>\n<p>Materiale: 100% poliestere shantung pongee con rivestimento in PU<\/p>","protected":false},"excerpt":{"rendered":"<p>Das perfekte Gep\u00e4ckst\u00fcck, um Getr\u00e4nke und Lebensmittel k\u00fchl zu halten. Zwei grosse F\u00e4cher: ein gut isoliertes K\u00fchlfach und ein normales Fach mit Mesh-Organisationstaschen und einem Karabinerhaken f\u00fcr den Schl\u00fcsselbund. Zwei einfach zug\u00e4ngliche Taschen und robuster Griff. Zwei grosse Meshtaschen an den Seiten. Flaschen\u00f6ffner am Hauptreissverschluss. Reflektierende Elemente f\u00fcr gute Sichtbarkeit in der Nacht. Abmessungen und [&hellip;]<\/p>\n","protected":false},"featured_media":483503,"template":"","meta":[],"product_brand":[],"product_cat":[4195,4209],"product_tag":[],"class_list":{"0":"post-483476","1":"product","2":"type-product","3":"status-publish","4":"has-post-thumbnail","6":"product_cat-rucksaecke-taschen","7":"product_cat-zubehoer","8":"pa_brand-clique","9":"pa_brand-type-sportswear","10":"pa_filter-color-schwarz","12":"first","13":"instock","14":"sale","15":"taxable","16":"shipping-taxable","17":"purchasable","18":"product-type-variable","19":"add-to-wishlist-before_image"},"exclude_global_add_ons":[],"addons":[],"acf":[],"_links":{"self":[{"href":"https:\/\/shop.kustom.ch\/it\/wp-json\/wp\/v2\/product\/483476"}],"collection":[{"href":"https:\/\/shop.kustom.ch\/it\/wp-json\/wp\/v2\/product"}],"about":[{"href":"https:\/\/shop.kustom.ch\/it\/wp-json\/wp\/v2\/types\/product"}],"wp:featuredmedia":[{"embeddable":true,"href":"https:\/\/shop.kustom.ch\/it\/wp-json\/wp\/v2\/media\/483503"}],"wp:attachment":[{"href":"https:\/\/shop.kustom.ch\/it\/wp-json\/wp\/v2\/media?parent=483476"}],"wp:term":[{"taxonomy":"product_brand","embeddable":true,"href":"https:\/\/shop.kustom.ch\/it\/wp-json\/wp\/v2\/product_brand?post=483476"},{"taxonomy":"product_cat","embeddable":true,"href":"https:\/\/shop.kustom.ch\/it\/wp-json\/wp\/v2\/product_cat?post=483476"},{"taxonomy":"product_tag","embeddable":true,"href":"https:\/\/shop.kustom.ch\/it\/wp-json\/wp\/v2\/product_tag?post=483476"}],"curies":[{"name":"wp","href":"https:\/\/api.w.org\/{rel}","templated":true}]}}