{"id":483474,"date":"2025-01-24T00:08:09","date_gmt":"2025-01-23T23:08:09","guid":{"rendered":"https:\/\/shop.kustom.ch\/?post_type=product&#038;p=483474"},"modified":"2026-03-31T13:08:55","modified_gmt":"2026-03-31T12:08:55","slug":"2-0-combi-bag","status":"publish","type":"product","link":"https:\/\/shop.kustom.ch\/it\/prodotto\/2-0-combi-bag\/","title":{"rendered":"Borsa 2.0 Combi"},"content":{"rendered":"<p>Una borsa che pu\u00f2 essere utilizzata anche come zaino per diverse applicazioni. Maniglia di trasporto superiore e anteriore. Spallacci con due anelli a D, con una fascia toracica per la stabilit\u00e0 durante i viaggi. Due ampie tasche laterali con cerniera. Una di esse \u00e8 isolata e perfetta per bevande e cibi freddi. Ampia cerniera a U per un facile accesso e un rapido imballaggio. Uno scomparto ventilato, ideale per scarpe o indumenti bagnati. Tasca superiore con zip e gancio per il portachiavi. Una tasca di sicurezza nascosta dietro gli spallacci e un'ampia tasca laterale in rete. Dettagli riflettenti inclusi.<\/p>\n<p>Materiale: poliestere 100% con rivestimento in PU<\/p>","protected":false},"excerpt":{"rendered":"<p>Eine Tasche, die sich auch als Rucksack f\u00fcr eine Vielzahl von Anwendungen eignet. Tragegriff oben und vorne. Schultergurte mit zwei D-Ringen, mit einem Brustgurt der unterwegs f\u00fcr Stabilit\u00e4t sorgt. Zwei grosse Seitentaschen mit Reissverschluss. Eine davon isoliert und perfekt f\u00fcr kalte Getr\u00e4nke sowie Lebensmittel. Grosser U-f\u00f6rmiger Reissverschluss f\u00fcr einfachen Zugang und schnelles Packen. Ein bel\u00fcftetes [&hellip;]<\/p>\n","protected":false},"featured_media":483499,"template":"","meta":[],"product_brand":[],"product_cat":[4195,4209],"product_tag":[],"class_list":{"0":"post-483474","1":"product","2":"type-product","3":"status-publish","4":"has-post-thumbnail","6":"product_cat-rucksaecke-taschen","7":"product_cat-zubehoer","8":"pa_brand-clique","9":"pa_brand-type-sportswear","10":"pa_filter-color-schwarz","12":"first","13":"instock","14":"sale","15":"taxable","16":"shipping-taxable","17":"purchasable","18":"product-type-variable","19":"add-to-wishlist-before_image"},"exclude_global_add_ons":[],"addons":[],"acf":[],"_links":{"self":[{"href":"https:\/\/shop.kustom.ch\/it\/wp-json\/wp\/v2\/product\/483474"}],"collection":[{"href":"https:\/\/shop.kustom.ch\/it\/wp-json\/wp\/v2\/product"}],"about":[{"href":"https:\/\/shop.kustom.ch\/it\/wp-json\/wp\/v2\/types\/product"}],"wp:featuredmedia":[{"embeddable":true,"href":"https:\/\/shop.kustom.ch\/it\/wp-json\/wp\/v2\/media\/483499"}],"wp:attachment":[{"href":"https:\/\/shop.kustom.ch\/it\/wp-json\/wp\/v2\/media?parent=483474"}],"wp:term":[{"taxonomy":"product_brand","embeddable":true,"href":"https:\/\/shop.kustom.ch\/it\/wp-json\/wp\/v2\/product_brand?post=483474"},{"taxonomy":"product_cat","embeddable":true,"href":"https:\/\/shop.kustom.ch\/it\/wp-json\/wp\/v2\/product_cat?post=483474"},{"taxonomy":"product_tag","embeddable":true,"href":"https:\/\/shop.kustom.ch\/it\/wp-json\/wp\/v2\/product_tag?post=483474"}],"curies":[{"name":"wp","href":"https:\/\/api.w.org\/{rel}","templated":true}]}}