{"id":482069,"date":"2024-11-25T10:10:33","date_gmt":"2024-11-25T09:10:33","guid":{"rendered":"https:\/\/shop.kustom.ch\/?post_type=product&#038;p=482069"},"modified":"2026-03-27T13:17:06","modified_gmt":"2026-03-27T12:17:06","slug":"core-dry-glove-liner","status":"publish","type":"product","link":"https:\/\/shop.kustom.ch\/it\/prodotto\/core-dry-glove-liner\/","title":{"rendered":"Fodera per guanti Core Dry"},"content":{"rendered":"<p>La fodera CORE Dry Glove \u00e8 un accessorio essenziale per chi si allena o pratica attivit\u00e0 all'aperto in condizioni di freddo.<\/p>\n<p>Realizzato in un tessuto sottile, elasticizzato e lavorato a maglia, il guanto pu\u00f2 essere utilizzato sia come indumento a s\u00e9 stante sia come strato interno aggiuntivo nelle giornate fredde, offrendo un livello supplementare di calore, comfort e funzionalit\u00e0 per migliorare l'esperienza complessiva dell'allenamento. Le propriet\u00e0 di traspirazione del tessuto allontanano il sudore dalla pelle, mantenendo le mani asciutte e confortevoli.<\/p>\n<p>- 100% Poliestere reticolato<br \/>\n- Maglia a canali per intrappolare l'aria e fornire maggiore calore<br \/>\n- Vestibilit\u00e0 ergonomica<\/p>\n<p>Materiale: poliestere riciclato 100%<\/p>","protected":false},"excerpt":{"rendered":"<p>Der CORE Dry Glove Liner ist ein unverzichtbares Accessoire f\u00fcr Personen, die bei k\u00fchlen Bedingungen trainieren oder Outdoor-Aktivit\u00e4ten nachgehen. Der aus einem d\u00fcnnen, elastischen und kanalgestrickten Stoff gefertigte Handschuh kann sowohl als eigenst\u00e4ndiges Kleidungsst\u00fcck als auch als zus\u00e4tzliche innere Schicht an kalten Tagen verwendet werden und bietet ein zus\u00e4tzliches Mass an W\u00e4rme, Komfort und Funktionalit\u00e4t, [&hellip;]<\/p>\n","protected":false},"featured_media":482133,"template":"","meta":[],"product_brand":[],"product_cat":[4209],"product_tag":[],"class_list":{"0":"post-482069","1":"product","2":"type-product","3":"status-publish","4":"has-post-thumbnail","6":"product_cat-zubehoer","7":"pa_brand-craft-retail-sportswear","8":"pa_brand-type-sportswear","9":"pa_filter-color-schwarz","11":"first","12":"instock","13":"sale","14":"taxable","15":"shipping-taxable","16":"purchasable","17":"product-type-variable","18":"add-to-wishlist-before_image"},"exclude_global_add_ons":[],"addons":[],"acf":[],"_links":{"self":[{"href":"https:\/\/shop.kustom.ch\/it\/wp-json\/wp\/v2\/product\/482069"}],"collection":[{"href":"https:\/\/shop.kustom.ch\/it\/wp-json\/wp\/v2\/product"}],"about":[{"href":"https:\/\/shop.kustom.ch\/it\/wp-json\/wp\/v2\/types\/product"}],"wp:featuredmedia":[{"embeddable":true,"href":"https:\/\/shop.kustom.ch\/it\/wp-json\/wp\/v2\/media\/482133"}],"wp:attachment":[{"href":"https:\/\/shop.kustom.ch\/it\/wp-json\/wp\/v2\/media?parent=482069"}],"wp:term":[{"taxonomy":"product_brand","embeddable":true,"href":"https:\/\/shop.kustom.ch\/it\/wp-json\/wp\/v2\/product_brand?post=482069"},{"taxonomy":"product_cat","embeddable":true,"href":"https:\/\/shop.kustom.ch\/it\/wp-json\/wp\/v2\/product_cat?post=482069"},{"taxonomy":"product_tag","embeddable":true,"href":"https:\/\/shop.kustom.ch\/it\/wp-json\/wp\/v2\/product_tag?post=482069"}],"curies":[{"name":"wp","href":"https:\/\/api.w.org\/{rel}","templated":true}]}}