{"id":481991,"date":"2024-11-25T10:09:09","date_gmt":"2024-11-25T09:09:09","guid":{"rendered":"https:\/\/shop.kustom.ch\/?post_type=product&#038;p=481991"},"modified":"2026-03-27T13:47:35","modified_gmt":"2026-03-27T12:47:35","slug":"squad-go-hz-jr","status":"publish","type":"product","link":"https:\/\/shop.kustom.ch\/it\/prodotto\/squad-go-hz-jr\/","title":{"rendered":"Squadra Go HZ JR"},"content":{"rendered":"<p>Squad Go HZ \u00e8 una maglia da allenamento funzionale e resistente che si adatta perfettamente al guardaroba di qualsiasi squadra.<\/p>\n<p>Questa maglia versatile e resistente con mezza zip \u00e8 realizzata in tessuto di poliestere resistente e riciclato e garantisce un eccellente trasporto dell'umidit\u00e0 durante le sessioni di allenamento intenso. La vestibilit\u00e0 atletica assicura libert\u00e0 di movimento e la mezza zip consente una rapida ventilazione. La maglia da allenamento presenta anche un colletto rialzato e un design chiaro e offre ampio spazio per i loghi del club e degli sponsor.<\/p>\n<p>- Tessuto resistente in poliestere riciclato<br \/>\n- Mezza zip<br \/>\n- Colletto stand-up<br \/>\n- Design chiaro<br \/>\n- Vestibilit\u00e0 normale<\/p>\n<p>Materiale: poliestere riciclato 100%<\/p>","protected":false},"excerpt":{"rendered":"<p>Squad Go HZ ist ein funktionelles und langlebiges Trainingstrikot, das perfekt in die Garderobe eines jeden Teams passt. Dieses vielseitige und langlebige Trikot mit halbem Reissverschluss besteht aus strapazierf\u00e4higem und recyceltem Polyestergewebe und sorgt f\u00fcr einen hervorragenden Feuchtigkeitstransport bei intensiven Trainingseinheiten. Die sportliche Passform sorgt f\u00fcr Bewegungsfreiheit und der halbe Reissverschluss l\u00e4sst eine schnelle Bel\u00fcftung [&hellip;]<\/p>\n","protected":false},"featured_media":482058,"template":"","meta":[],"product_brand":[],"product_cat":[4191],"product_tag":[],"class_list":{"0":"post-481991","1":"product","2":"type-product","3":"status-publish","4":"has-post-thumbnail","6":"product_cat-longsleeves-sweatshirts","7":"pa_brand-craft-teamwear","8":"pa_brand-type-sportswear","9":"pa_filter-color-blau","10":"pa_filter-color-gelb","11":"pa_filter-color-gruen","12":"pa_filter-color-rot","13":"pa_filter-color-schwarz","15":"first","16":"instock","17":"sale","18":"taxable","19":"shipping-taxable","20":"purchasable","21":"product-type-variable","22":"add-to-wishlist-before_image"},"exclude_global_add_ons":[],"addons":[],"acf":[],"_links":{"self":[{"href":"https:\/\/shop.kustom.ch\/it\/wp-json\/wp\/v2\/product\/481991"}],"collection":[{"href":"https:\/\/shop.kustom.ch\/it\/wp-json\/wp\/v2\/product"}],"about":[{"href":"https:\/\/shop.kustom.ch\/it\/wp-json\/wp\/v2\/types\/product"}],"wp:featuredmedia":[{"embeddable":true,"href":"https:\/\/shop.kustom.ch\/it\/wp-json\/wp\/v2\/media\/482058"}],"wp:attachment":[{"href":"https:\/\/shop.kustom.ch\/it\/wp-json\/wp\/v2\/media?parent=481991"}],"wp:term":[{"taxonomy":"product_brand","embeddable":true,"href":"https:\/\/shop.kustom.ch\/it\/wp-json\/wp\/v2\/product_brand?post=481991"},{"taxonomy":"product_cat","embeddable":true,"href":"https:\/\/shop.kustom.ch\/it\/wp-json\/wp\/v2\/product_cat?post=481991"},{"taxonomy":"product_tag","embeddable":true,"href":"https:\/\/shop.kustom.ch\/it\/wp-json\/wp\/v2\/product_tag?post=481991"}],"curies":[{"name":"wp","href":"https:\/\/api.w.org\/{rel}","templated":true}]}}