{"id":481781,"date":"2024-11-25T10:05:26","date_gmt":"2024-11-25T09:05:26","guid":{"rendered":"https:\/\/shop.kustom.ch\/?post_type=product&#038;p=481781"},"modified":"2026-03-27T13:40:38","modified_gmt":"2026-03-27T12:40:38","slug":"squad-go-fz-jacket-m","status":"publish","type":"product","link":"https:\/\/shop.kustom.ch\/it\/prodotto\/squad-go-fz-jacket-m\/","title":{"rendered":"Giacca Squad Go FZ M"},"content":{"rendered":"<p>La giacca Squad Go FZ \u00e8 una giacca da allenamento funzionale e resistente che si adatta perfettamente al guardaroba di qualsiasi squadra.<\/p>\n<p>Questa versatile e resistente giacca da allenamento con zip a tutta lunghezza \u00e8 realizzata in resistente tessuto di poliestere e garantisce un eccellente trasporto dell'umidit\u00e0 anche durante le sessioni di allenamento pi\u00f9 intense. La vestibilit\u00e0 atletica garantisce libert\u00e0 di movimento e le due tasche laterali con zip offrono uno spazio sicuro per riporre i piccoli oggetti. La giacca da allenamento colpisce anche per il suo design chiaro e offre ampio spazio per i loghi del club e degli sponsor.<\/p>\n<p>- Tessuto resistente in poliestere riciclato<br \/>\n- Colletto stand-up<br \/>\n- Due tasche laterali con zip<br \/>\n- Design chiaro<br \/>\n- Vestibilit\u00e0 normale<\/p>\n<p>Materiale: poliestere riciclato 100%<\/p>","protected":false},"excerpt":{"rendered":"<p>Die Squad Go FZ Jacke ist eine funktionelle und langlebige Trainingsjacke, die perfekt in die Garderobe eines jeden Teams passt. Diese vielseitige und langlebige Trainingsjacke mit durchgehendem Reissverschluss besteht aus strapazierf\u00e4higem Polyestergewebe und gew\u00e4hrleistet auch bei intensiven Trainingseinheiten einen hervorragenden Feuchtigkeitstransport. Die sportliche Passform sorgt f\u00fcr Bewegungsfreiheit und zwei Seitentaschen mit Reissverschluss bieten sicheren Stauraum [&hellip;]<\/p>\n","protected":false},"featured_media":481842,"template":"","meta":[],"product_brand":[],"product_cat":[4191],"product_tag":[],"class_list":{"0":"post-481781","1":"product","2":"type-product","3":"status-publish","4":"has-post-thumbnail","6":"product_cat-longsleeves-sweatshirts","7":"pa_brand-craft-teamwear","8":"pa_brand-type-sportswear","9":"pa_filter-color-blau","10":"pa_filter-color-gelb","11":"pa_filter-color-gruen","12":"pa_filter-color-rot","13":"pa_filter-color-schwarz","15":"first","16":"instock","17":"sale","18":"taxable","19":"shipping-taxable","20":"purchasable","21":"product-type-variable","22":"add-to-wishlist-before_image"},"exclude_global_add_ons":[],"addons":[],"acf":[],"_links":{"self":[{"href":"https:\/\/shop.kustom.ch\/it\/wp-json\/wp\/v2\/product\/481781"}],"collection":[{"href":"https:\/\/shop.kustom.ch\/it\/wp-json\/wp\/v2\/product"}],"about":[{"href":"https:\/\/shop.kustom.ch\/it\/wp-json\/wp\/v2\/types\/product"}],"wp:featuredmedia":[{"embeddable":true,"href":"https:\/\/shop.kustom.ch\/it\/wp-json\/wp\/v2\/media\/481842"}],"wp:attachment":[{"href":"https:\/\/shop.kustom.ch\/it\/wp-json\/wp\/v2\/media?parent=481781"}],"wp:term":[{"taxonomy":"product_brand","embeddable":true,"href":"https:\/\/shop.kustom.ch\/it\/wp-json\/wp\/v2\/product_brand?post=481781"},{"taxonomy":"product_cat","embeddable":true,"href":"https:\/\/shop.kustom.ch\/it\/wp-json\/wp\/v2\/product_cat?post=481781"},{"taxonomy":"product_tag","embeddable":true,"href":"https:\/\/shop.kustom.ch\/it\/wp-json\/wp\/v2\/product_tag?post=481781"}],"curies":[{"name":"wp","href":"https:\/\/api.w.org\/{rel}","templated":true}]}}