{"id":481656,"date":"2024-11-25T10:03:06","date_gmt":"2024-11-25T09:03:06","guid":{"rendered":"https:\/\/shop.kustom.ch\/?post_type=product&#038;p=481656"},"modified":"2026-04-16T09:51:49","modified_gmt":"2026-04-16T08:51:49","slug":"adv-urban-lt-padded-overshirt","status":"publish","type":"product","link":"https:\/\/shop.kustom.ch\/it\/prodotto\/adv-urban-lt-padded-overshirt\/","title":{"rendered":"ADV Urban Lt - Maglia imbottita"},"content":{"rendered":"<p>ADV Urban Light Padded Overshirt \u00e8 un capo leggermente isolato che combina perfettamente l'estetica streetwear con la funzionalit\u00e0, rendendolo adatto a un'ampia gamma di occasioni.<\/p>\n<p>Questa elegante maglia over combina un tessuto esterno idrorepellente con una leggera imbottitura in poliestere. Il risultato \u00e8 un capo versatile che offre il giusto calore senza essere ingombrante, in modo da poterlo indossare sopra una T-shirt o sotto una giacca pi\u00f9 pesante quando la temperatura scende. La maglia over \u00e8 dotata di abbottonatura frontale, colletto a camicia, due tasche laterali con cerniera e una tasca sul petto con cerniera.<\/p>\n<p>- Materiale esterno idrorepellente realizzato in poliammide riciclata<br \/>\n- Isolamento in poliestere leggero nel corpo (80 g\/m\u00b2)<br \/>\n- Abbottonatura frontale (bottoni a pressione)<br \/>\n- Due tasche laterali con zip<br \/>\n- Tasca con zip sul petto a sinistra<br \/>\n- Colletto della camicia<br \/>\n- Chiusura a fessura e bottoni a pressione alle estremit\u00e0 delle maniche<br \/>\n- Vestibilit\u00e0 normale<\/p>\n<p>Materiale: Corpo: 100% poliammide riciclata. Fodera: 90% poliestere riciclato, 10% elastan<\/p>","protected":false},"excerpt":{"rendered":"<p>Das ADV Urban Light Padded Overshirt ist ein leicht isoliertes Kleidungsst\u00fcck, das Streetwear-\u00c4sthetik sowie Funktionalit\u00e4t nahtlos miteinander verbindet und somit f\u00fcr eine Vielzahl von Anl\u00e4ssen geeignet ist. Dieses stylische Overshirt kombiniert ein wasserabweisendes Aussenmaterial mit einer leichten Polyesterwattierung. Das Ergebnis ist ein vielseitiges Kleidungsst\u00fcck, das gerade genug W\u00e4rme bietet, ohne sich sperrig anzuf\u00fchlen, sodass Sie [&hellip;]<\/p>\n","protected":false},"featured_media":481702,"template":"","meta":[],"product_brand":[],"product_cat":[4186],"product_tag":[],"class_list":{"0":"post-481656","1":"product","2":"type-product","3":"status-publish","4":"has-post-thumbnail","6":"product_cat-jacken","7":"pa_brand-craft-retail-sportswear","8":"pa_brand-type-sportswear","9":"pa_filter-color-gruen","10":"pa_filter-color-schwarz","12":"first","13":"instock","14":"sale","15":"taxable","16":"shipping-taxable","17":"purchasable","18":"product-type-variable","19":"add-to-wishlist-before_image"},"exclude_global_add_ons":[],"addons":[],"acf":[],"_links":{"self":[{"href":"https:\/\/shop.kustom.ch\/it\/wp-json\/wp\/v2\/product\/481656"}],"collection":[{"href":"https:\/\/shop.kustom.ch\/it\/wp-json\/wp\/v2\/product"}],"about":[{"href":"https:\/\/shop.kustom.ch\/it\/wp-json\/wp\/v2\/types\/product"}],"wp:featuredmedia":[{"embeddable":true,"href":"https:\/\/shop.kustom.ch\/it\/wp-json\/wp\/v2\/media\/481702"}],"wp:attachment":[{"href":"https:\/\/shop.kustom.ch\/it\/wp-json\/wp\/v2\/media?parent=481656"}],"wp:term":[{"taxonomy":"product_brand","embeddable":true,"href":"https:\/\/shop.kustom.ch\/it\/wp-json\/wp\/v2\/product_brand?post=481656"},{"taxonomy":"product_cat","embeddable":true,"href":"https:\/\/shop.kustom.ch\/it\/wp-json\/wp\/v2\/product_cat?post=481656"},{"taxonomy":"product_tag","embeddable":true,"href":"https:\/\/shop.kustom.ch\/it\/wp-json\/wp\/v2\/product_tag?post=481656"}],"curies":[{"name":"wp","href":"https:\/\/api.w.org\/{rel}","templated":true}]}}