{"id":480255,"date":"2024-11-25T09:35:28","date_gmt":"2024-11-25T08:35:28","guid":{"rendered":"https:\/\/shop.kustom.ch\/?post_type=product&#038;p=480255"},"modified":"2026-03-27T13:27:08","modified_gmt":"2026-03-27T12:27:08","slug":"pro-nordic-race-wind-tights-2-w","status":"publish","type":"product","link":"https:\/\/shop.kustom.ch\/it\/prodotto\/pro-nordic-race-wind-tights-2-w\/","title":{"rendered":"PRO Calzamaglia da gara nordica 2 W"},"content":{"rendered":"<p>La PRO Nordic Race Wind Tights 2 \u00e8 una calzamaglia da sci di alta qualit\u00e0 progettata per ottenere le massime prestazioni ai pi\u00f9 alti livelli nello sci di fondo.<\/p>\n<p>Questa innovativa calzamaglia da sci nordico \u00e8 realizzata in tessuto Ventair\u00ae a 3 strati, elastico e altamente funzionale, che offre un'eccellente protezione dalle intemperie e un'efficiente regolazione del calore corporeo. Questa calzamaglia ad alte prestazioni \u00e8 inoltre dotata di una maglia spazzolata sul retro per migliorare il trasporto dell'umidit\u00e0, di ventilazione tagliata al laser, di polsini nastrati per una vestibilit\u00e0 perfetta e di una zip all'estremit\u00e0 delle gambe per indossarla e toglierla facilmente.<\/p>\n<p>- Tessuto Ventair\u00ae a 3 strati elasticizzato antivento e impermeabile (WP 15.000\/MVP 10.000)<br \/>\n- Maglia spazzolata sul retro per un efficace trasporto dell'umidit\u00e0<br \/>\n- Prese d'aria tagliate al laser per regolare il calore<br \/>\n- Vita elastica con coulisse<br \/>\n- Zip a fondo gamba<br \/>\n- Fondo gamba nastrato per una vestibilit\u00e0 perfetta<\/p>\n<p>Materiale: Parte anteriore: poliestere riciclato 100%. Centro: poliuretano 100%. Retro: poliestere 100%. Corpo posteriore: poliestere riciclato 82%, elastan 18%.<\/p>","protected":false},"excerpt":{"rendered":"<p>Die PRO Nordic Race Wind Tights 2 sind hochwertige Skitights, die f\u00fcr maximale Leistung auf h\u00f6chstem Niveau im Langlaufski konzipiert wurden. Diese innovativen nordischen Skitights bestehen aus elastischem und hochfunktionellem 3-Lagen-Ventair\u00ae-Gewebe, das einen ausgezeichneten Wetterschutz und eine effiziente K\u00f6rperw\u00e4rmeregulierung bietet. Zudem verf\u00fcgen diese leistungsstarken Tights \u00fcber ein geb\u00fcrstetes Jersey am R\u00fccken f\u00fcr verbesserten Feuchtigkeitstransport, laser-geschnittene [&hellip;]<\/p>\n","protected":false},"featured_media":480310,"template":"","meta":[],"product_brand":[],"product_cat":[4190],"product_tag":[],"class_list":{"0":"post-480255","1":"product","2":"type-product","3":"status-publish","4":"has-post-thumbnail","6":"product_cat-leggings","7":"pa_brand-craft-retail-sportswear","8":"pa_brand-type-sportswear","9":"pa_filter-color-schwarz","10":"pa_filter-color-weiss","12":"first","13":"instock","14":"sale","15":"taxable","16":"shipping-taxable","17":"purchasable","18":"product-type-variable","19":"add-to-wishlist-before_image"},"exclude_global_add_ons":[],"addons":[],"acf":[],"_links":{"self":[{"href":"https:\/\/shop.kustom.ch\/it\/wp-json\/wp\/v2\/product\/480255"}],"collection":[{"href":"https:\/\/shop.kustom.ch\/it\/wp-json\/wp\/v2\/product"}],"about":[{"href":"https:\/\/shop.kustom.ch\/it\/wp-json\/wp\/v2\/types\/product"}],"wp:featuredmedia":[{"embeddable":true,"href":"https:\/\/shop.kustom.ch\/it\/wp-json\/wp\/v2\/media\/480310"}],"wp:attachment":[{"href":"https:\/\/shop.kustom.ch\/it\/wp-json\/wp\/v2\/media?parent=480255"}],"wp:term":[{"taxonomy":"product_brand","embeddable":true,"href":"https:\/\/shop.kustom.ch\/it\/wp-json\/wp\/v2\/product_brand?post=480255"},{"taxonomy":"product_cat","embeddable":true,"href":"https:\/\/shop.kustom.ch\/it\/wp-json\/wp\/v2\/product_cat?post=480255"},{"taxonomy":"product_tag","embeddable":true,"href":"https:\/\/shop.kustom.ch\/it\/wp-json\/wp\/v2\/product_tag?post=480255"}],"curies":[{"name":"wp","href":"https:\/\/api.w.org\/{rel}","templated":true}]}}