{"id":478874,"date":"2024-11-25T09:10:34","date_gmt":"2024-11-25T08:10:34","guid":{"rendered":"https:\/\/shop.kustom.ch\/?post_type=product&#038;p=478874"},"modified":"2026-03-27T13:27:02","modified_gmt":"2026-03-27T12:27:02","slug":"rush-2-0-shorts-jr","status":"publish","type":"product","link":"https:\/\/shop.kustom.ch\/it\/prodotto\/rush-2-0-shorts-jr\/","title":{"rendered":"Pantaloncini Rush 2.0 JR"},"content":{"rendered":"<p>I pantaloncini Rush 2.0 sono pantaloncini leggeri realizzati in un tessuto elastico e intrecciato che garantisce un efficiente trasporto dell'umidit\u00e0 durante le sessioni di allenamento pi\u00f9 intense. La versione 2.0 \u00e8 stata aggiornata con un nuovo materiale pi\u00f9 elastico per una maggiore libert\u00e0 di movimento e comfort. Realizzato in poliestere riciclato, questo capo fa parte della nuova generazione di abbigliamento sportivo a basso impatto ambientale. Perfetto per essere marchiato con il logo del club, dello sponsor o dell'azienda.<\/p>\n<p>- Tessuto in poliestere riciclato<br \/>\n- Aggiornato con un nuovo materiale pi\u00f9 elastico<br \/>\n- Coulisse sull'orlo per una vestibilit\u00e0 perfetta<br \/>\n- Design chiaro<\/p>\n<p>Materiale: poliestere riciclato 100%<\/p>","protected":false},"excerpt":{"rendered":"<p>Rush 2.0 Shorts sind leichte Shorts aus einem dehnbaren, gewebten Stoff, der bei intensiven Trainingseinheiten einen effizienten Feuchtigkeitstransport gew\u00e4hrleistet. Die Version 2.0 wurde mit einem neuen Material mit h\u00f6herer Elastizit\u00e4t f\u00fcr mehr Bewegungsfreiheit und mehr Komfort aktualisiert. Dieses aus recyceltem Polyester gefertigte Kleidungsst\u00fcck geh\u00f6rt zur neuen Generation von Sportbekleidung mit einem geringeren \u00f6kologischen Fussabdruck. Perfekt [&hellip;]<\/p>\n","protected":false},"featured_media":478943,"template":"","meta":[],"product_brand":[],"product_cat":[4198],"product_tag":[],"class_list":{"0":"post-478874","1":"product","2":"type-product","3":"status-publish","4":"has-post-thumbnail","6":"product_cat-shorts","7":"pa_brand-craft-teamwear","8":"pa_brand-type-sportswear","9":"pa_filter-color-schwarz","11":"first","12":"instock","13":"sale","14":"taxable","15":"shipping-taxable","16":"purchasable","17":"product-type-variable","18":"add-to-wishlist-before_image"},"exclude_global_add_ons":[],"addons":[],"acf":[],"_links":{"self":[{"href":"https:\/\/shop.kustom.ch\/it\/wp-json\/wp\/v2\/product\/478874"}],"collection":[{"href":"https:\/\/shop.kustom.ch\/it\/wp-json\/wp\/v2\/product"}],"about":[{"href":"https:\/\/shop.kustom.ch\/it\/wp-json\/wp\/v2\/types\/product"}],"wp:featuredmedia":[{"embeddable":true,"href":"https:\/\/shop.kustom.ch\/it\/wp-json\/wp\/v2\/media\/478943"}],"wp:attachment":[{"href":"https:\/\/shop.kustom.ch\/it\/wp-json\/wp\/v2\/media?parent=478874"}],"wp:term":[{"taxonomy":"product_brand","embeddable":true,"href":"https:\/\/shop.kustom.ch\/it\/wp-json\/wp\/v2\/product_brand?post=478874"},{"taxonomy":"product_cat","embeddable":true,"href":"https:\/\/shop.kustom.ch\/it\/wp-json\/wp\/v2\/product_cat?post=478874"},{"taxonomy":"product_tag","embeddable":true,"href":"https:\/\/shop.kustom.ch\/it\/wp-json\/wp\/v2\/product_tag?post=478874"}],"curies":[{"name":"wp","href":"https:\/\/api.w.org\/{rel}","templated":true}]}}