{"id":478104,"date":"2024-11-25T08:54:53","date_gmt":"2024-11-25T07:54:53","guid":{"rendered":"https:\/\/shop.kustom.ch\/?post_type=product&#038;p=478104"},"modified":"2026-03-30T12:31:36","modified_gmt":"2026-03-30T11:31:36","slug":"pro-trail-shorts-w","status":"publish","type":"product","link":"https:\/\/shop.kustom.ch\/it\/prodotto\/pro-trail-shorts-w\/","title":{"rendered":"Pantaloncini PRO Trail W"},"content":{"rendered":"<p>I PRO Trail Shorts sono pantaloncini da corsa professionali progettati per il trail running ad alta intensit\u00e0. I pantaloncini sono realizzati in tessuto ripstop leggero, resistente ed elastico e sono dotati di calzamaglia interna in poliammide per una vestibilit\u00e0 sicura. Inoltre, i pantaloncini sono dotati di tasche multiple per riporre gel e tutto il necessario per il trail running di lunga distanza.<\/p>\n<p>- Materiale ripstop leggero ed elasticizzato realizzato in poliestere riciclato ed elastan<br \/>\n- Collant corto interno in jersey di poliammide<br \/>\n- Tasche in rete sul retro con tre scomparti<br \/>\n- Vestibilit\u00e0 normale<\/p>\n<p>Materiale: Corpo: 90% poliestere riciclato, 10% elastan. Fodera del corpo: 91% poliammide riciclata, 9% elastan. Corpo anteriore superiore : 90% poilamide, 10% elastan<\/p>","protected":false},"excerpt":{"rendered":"<p>Die PRO Trail Shorts sind professionelle Laufshorts, die f\u00fcr hochintensives Trailrunning entwickelt wurden. Die Shorts bestehen aus einem leichten, strapazierf\u00e4higen und elastischen Ripstop-Gewebe und sind mit inneren kurzen Tights aus Polyamid f\u00fcr einen sicheren Sitz ausgestattet. Dar\u00fcber hinaus verf\u00fcgen die Shorts \u00fcber mehrere Taschen zur Aufbewahrung von Gel und allem anderen, das f\u00fcr Langstrecken-Trailrunning n\u00f6tig [&hellip;]<\/p>\n","protected":false},"featured_media":478162,"template":"","meta":[],"product_brand":[],"product_cat":[4198],"product_tag":[],"class_list":{"0":"post-478104","1":"product","2":"type-product","3":"status-publish","4":"has-post-thumbnail","6":"product_cat-shorts","7":"pa_brand-craft-retail-sportswear","8":"pa_brand-type-sportswear","9":"pa_filter-color-schwarz","11":"first","12":"instock","13":"sale","14":"taxable","15":"shipping-taxable","16":"purchasable","17":"product-type-variable","18":"add-to-wishlist-before_image"},"exclude_global_add_ons":[],"addons":[],"acf":[],"_links":{"self":[{"href":"https:\/\/shop.kustom.ch\/it\/wp-json\/wp\/v2\/product\/478104"}],"collection":[{"href":"https:\/\/shop.kustom.ch\/it\/wp-json\/wp\/v2\/product"}],"about":[{"href":"https:\/\/shop.kustom.ch\/it\/wp-json\/wp\/v2\/types\/product"}],"wp:featuredmedia":[{"embeddable":true,"href":"https:\/\/shop.kustom.ch\/it\/wp-json\/wp\/v2\/media\/478162"}],"wp:attachment":[{"href":"https:\/\/shop.kustom.ch\/it\/wp-json\/wp\/v2\/media?parent=478104"}],"wp:term":[{"taxonomy":"product_brand","embeddable":true,"href":"https:\/\/shop.kustom.ch\/it\/wp-json\/wp\/v2\/product_brand?post=478104"},{"taxonomy":"product_cat","embeddable":true,"href":"https:\/\/shop.kustom.ch\/it\/wp-json\/wp\/v2\/product_cat?post=478104"},{"taxonomy":"product_tag","embeddable":true,"href":"https:\/\/shop.kustom.ch\/it\/wp-json\/wp\/v2\/product_tag?post=478104"}],"curies":[{"name":"wp","href":"https:\/\/api.w.org\/{rel}","templated":true}]}}