{"id":477880,"date":"2024-11-25T08:50:57","date_gmt":"2024-11-25T07:50:57","guid":{"rendered":"https:\/\/shop.kustom.ch\/?post_type=product&#038;p=477880"},"modified":"2026-04-16T09:58:42","modified_gmt":"2026-04-16T08:58:42","slug":"adv-endur-jersey-w-2","status":"publish","type":"product","link":"https:\/\/shop.kustom.ch\/it\/prodotto\/adv-endur-jersey-w-2\/","title":{"rendered":"Maglia ADV Endur W"},"content":{"rendered":"<p>Maglia avanzata in materiale elasticizzato morbido e a costine, con un eccellente trasporto dell'umidit\u00e0 durante il ciclismo intensivo. Inserti in rete con speciali zone climatiche per una maggiore ventilazione, quattro tasche sul retro e nastro elastico in silicone sulla schiena.<\/p>\n<p>Materiale: Parte anteriore e posteriore: poliestere riciclato 100%. Inserti laterali: 87% poliestere riciclato, 13% elastan.<\/p>","protected":false},"excerpt":{"rendered":"<p>Jersey f\u00fcr Fortgeschrittene aus geripptem, weichem Stretchmaterial mit ausgezeichnetem Feuchtigkeitstransport bei intensivem Radfahren. Mesh-Eins\u00e4tze mit speziellen Klimazonen f\u00fcr erh\u00f6hte Ventilation, vier Taschen hinten und elastisches Silikonband im R\u00fccken. Material: Vorder- und R\u00fcckseite : 100% Recycling-Polyester. Seiteneins\u00e4tze : 87% Recycling-Polyester, 13% Elasthan<\/p>","protected":false},"featured_media":477906,"template":"","meta":[],"product_brand":[],"product_cat":[4201],"product_tag":[],"class_list":{"0":"post-477880","1":"product","2":"type-product","3":"status-publish","4":"has-post-thumbnail","6":"product_cat-t-shirts","7":"pa_brand-craft-retail-sportswear","8":"pa_brand-type-sportswear","9":"pa_filter-color-rot","11":"first","12":"instock","13":"sale","14":"taxable","15":"shipping-taxable","16":"purchasable","17":"product-type-variable","18":"add-to-wishlist-before_image"},"exclude_global_add_ons":[],"addons":[],"acf":[],"_links":{"self":[{"href":"https:\/\/shop.kustom.ch\/it\/wp-json\/wp\/v2\/product\/477880"}],"collection":[{"href":"https:\/\/shop.kustom.ch\/it\/wp-json\/wp\/v2\/product"}],"about":[{"href":"https:\/\/shop.kustom.ch\/it\/wp-json\/wp\/v2\/types\/product"}],"wp:featuredmedia":[{"embeddable":true,"href":"https:\/\/shop.kustom.ch\/it\/wp-json\/wp\/v2\/media\/477906"}],"wp:attachment":[{"href":"https:\/\/shop.kustom.ch\/it\/wp-json\/wp\/v2\/media?parent=477880"}],"wp:term":[{"taxonomy":"product_brand","embeddable":true,"href":"https:\/\/shop.kustom.ch\/it\/wp-json\/wp\/v2\/product_brand?post=477880"},{"taxonomy":"product_cat","embeddable":true,"href":"https:\/\/shop.kustom.ch\/it\/wp-json\/wp\/v2\/product_cat?post=477880"},{"taxonomy":"product_tag","embeddable":true,"href":"https:\/\/shop.kustom.ch\/it\/wp-json\/wp\/v2\/product_tag?post=477880"}],"curies":[{"name":"wp","href":"https:\/\/api.w.org\/{rel}","templated":true}]}}