{"id":477672,"date":"2024-11-25T08:46:41","date_gmt":"2024-11-25T07:46:41","guid":{"rendered":"https:\/\/shop.kustom.ch\/?post_type=product&#038;p=477672"},"modified":"2026-04-16T10:19:57","modified_gmt":"2026-04-16T09:19:57","slug":"core-explore-shell-jacket-m","status":"publish","type":"product","link":"https:\/\/shop.kustom.ch\/it\/prodotto\/core-explore-shell-jacket-m\/","title":{"rendered":"CORE Giacca a guscio Explore M"},"content":{"rendered":"<p>Giacca a guscio con cuciture parzialmente nastrate. Cappuccio staccabile. Vestibilit\u00e0 regolare. Ideale per le attivit\u00e0 all'aperto.<\/p>\n<p>- Le aree che richiedono una protezione speciale sono saldate<br \/>\n- Materiale a 2 strati con fodera in rete<br \/>\n- Cerniere impermeabili<br \/>\n- Chiusura in velcro alle estremit\u00e0 delle maniche<br \/>\n- Cappuccio regolabile e staccabile<br \/>\n- Due tasche laterali con zip<br \/>\n- Sezione posteriore estesa<br \/>\n- Vestibilit\u00e0 normale<\/p>\n<p>Materiale: poliestere riciclato 100%<\/p>","protected":false},"excerpt":{"rendered":"<p>Shelljacke mit teilweise verschweissten N\u00e4hten. Abnehmbare Kapuze. Normale Passform. Ideal f\u00fcr Outdoor-Aktivit\u00e4ten. \u2022 Besonders zu sch\u00fctzende Stellen sind verschweisst \u2022 2-Lagen-Material mit Mesh-Futter \u2022 Wasserfeste Reissverschl\u00fcsse \u2022 Klettverschluss an den \u00c4rmelabschl\u00fcssen \u2022 Verstellbare, abnehmbare Kapuze \u2022 Zwei Seitentaschen mit Reissverschluss \u2022 Verl\u00e4ngerte R\u00fcckenpartie \u2022 Normale Passform Material: 100% Recycling-Polyester<\/p>","protected":false},"featured_media":477706,"template":"","meta":[],"product_brand":[],"product_cat":[4186],"product_tag":[],"class_list":{"0":"post-477672","1":"product","2":"type-product","3":"status-publish","4":"has-post-thumbnail","6":"product_cat-jacken","7":"pa_brand-craft-retail-sportswear","8":"pa_brand-type-sportswear","9":"pa_filter-color-blau","10":"pa_filter-color-schwarz","12":"first","13":"instock","14":"sale","15":"taxable","16":"shipping-taxable","17":"purchasable","18":"product-type-variable","19":"add-to-wishlist-before_image"},"exclude_global_add_ons":[],"addons":[],"acf":[],"_links":{"self":[{"href":"https:\/\/shop.kustom.ch\/it\/wp-json\/wp\/v2\/product\/477672"}],"collection":[{"href":"https:\/\/shop.kustom.ch\/it\/wp-json\/wp\/v2\/product"}],"about":[{"href":"https:\/\/shop.kustom.ch\/it\/wp-json\/wp\/v2\/types\/product"}],"wp:featuredmedia":[{"embeddable":true,"href":"https:\/\/shop.kustom.ch\/it\/wp-json\/wp\/v2\/media\/477706"}],"wp:attachment":[{"href":"https:\/\/shop.kustom.ch\/it\/wp-json\/wp\/v2\/media?parent=477672"}],"wp:term":[{"taxonomy":"product_brand","embeddable":true,"href":"https:\/\/shop.kustom.ch\/it\/wp-json\/wp\/v2\/product_brand?post=477672"},{"taxonomy":"product_cat","embeddable":true,"href":"https:\/\/shop.kustom.ch\/it\/wp-json\/wp\/v2\/product_cat?post=477672"},{"taxonomy":"product_tag","embeddable":true,"href":"https:\/\/shop.kustom.ch\/it\/wp-json\/wp\/v2\/product_tag?post=477672"}],"curies":[{"name":"wp","href":"https:\/\/api.w.org\/{rel}","templated":true}]}}