{"id":477329,"date":"2024-11-25T08:40:10","date_gmt":"2024-11-25T07:40:10","guid":{"rendered":"https:\/\/shop.kustom.ch\/?post_type=product&#038;p=477329"},"modified":"2026-03-27T15:24:03","modified_gmt":"2026-03-27T14:24:03","slug":"adv-subz-ls-2-m","status":"publish","type":"product","link":"https:\/\/shop.kustom.ch\/it\/prodotto\/adv-subz-ls-2-m\/","title":{"rendered":"ADV SubZ LS 2 M"},"content":{"rendered":"<p>Top da running a maniche lunghe per runner esperti con dolcevita con zip, realizzato in jersey di poliestere riciclato altamente funzionale con spugna francese per maggiore calore e comfort. Rete sotto le ascelle per una maggiore ventilazione e polsini ripiegati con fori per i pollici per riscaldare le mani nelle giornate fredde.<\/p>\n<p>Materiale: 88% poliestere riciclato, 12% elastan<\/p>","protected":false},"excerpt":{"rendered":"<p>Langarm-Laufshirt f\u00fcr Fortgeschrittene mit Reissverschluss-Rollkragen aus hochfunktionellem Recycling-Polyester-Jersey mit French Terry f\u00fcr mehr W\u00e4rme und zus\u00e4tzlichen Komfort. Mesh unter den Achseln f\u00fcr erh\u00f6hte Ventilation und umgeschlagene \u00c4rmelabschl\u00fcsse mit Daumenloch f\u00fcr warme H\u00e4nde an kalten Tagen. Material: 88% Recycling-Polyester, 12% Elasthan<\/p>","protected":false},"featured_media":477338,"template":"","meta":[],"product_brand":[],"product_cat":[4201],"product_tag":[],"class_list":{"0":"post-477329","1":"product","2":"type-product","3":"status-publish","4":"has-post-thumbnail","6":"product_cat-t-shirts","7":"pa_brand-craft-retail-sportswear","8":"pa_brand-type-sportswear","10":"first","11":"instock","12":"sale","13":"taxable","14":"shipping-taxable","15":"purchasable","16":"product-type-variable","17":"add-to-wishlist-before_image"},"exclude_global_add_ons":[],"addons":[],"acf":[],"_links":{"self":[{"href":"https:\/\/shop.kustom.ch\/it\/wp-json\/wp\/v2\/product\/477329"}],"collection":[{"href":"https:\/\/shop.kustom.ch\/it\/wp-json\/wp\/v2\/product"}],"about":[{"href":"https:\/\/shop.kustom.ch\/it\/wp-json\/wp\/v2\/types\/product"}],"wp:featuredmedia":[{"embeddable":true,"href":"https:\/\/shop.kustom.ch\/it\/wp-json\/wp\/v2\/media\/477338"}],"wp:attachment":[{"href":"https:\/\/shop.kustom.ch\/it\/wp-json\/wp\/v2\/media?parent=477329"}],"wp:term":[{"taxonomy":"product_brand","embeddable":true,"href":"https:\/\/shop.kustom.ch\/it\/wp-json\/wp\/v2\/product_brand?post=477329"},{"taxonomy":"product_cat","embeddable":true,"href":"https:\/\/shop.kustom.ch\/it\/wp-json\/wp\/v2\/product_cat?post=477329"},{"taxonomy":"product_tag","embeddable":true,"href":"https:\/\/shop.kustom.ch\/it\/wp-json\/wp\/v2\/product_tag?post=477329"}],"curies":[{"name":"wp","href":"https:\/\/api.w.org\/{rel}","templated":true}]}}