{"id":476898,"date":"2024-11-25T08:30:00","date_gmt":"2024-11-25T07:30:00","guid":{"rendered":"https:\/\/shop.kustom.ch\/?post_type=product&#038;p=476898"},"modified":"2026-03-27T13:44:06","modified_gmt":"2026-03-27T12:44:06","slug":"adv-nordic-ski-club-tights-w","status":"publish","type":"product","link":"https:\/\/shop.kustom.ch\/it\/prodotto\/adv-nordic-ski-club-tights-w\/","title":{"rendered":"Calzamaglia ADV per sci nordico W"},"content":{"rendered":"<p>Calzamaglia da allenamento e da gara in jersey di poliestere con massima elasticit\u00e0 e termoregolazione.<\/p>\n<p>- Maglia realizzata in poliestere riciclato ed elastan<br \/>\n- Tessuto in poliestere ed elastan altamente elasticizzato per una vestibilit\u00e0 perfetta<br \/>\n- Design sublimato<br \/>\n- Tasca per barrette\/gel nella parte posteriore del polpaccio, per un surplus di energia durante la corsa<br \/>\n- Cordoncino interno piatto in vita per una vestibilit\u00e0 perfetta<br \/>\n- Stampa in silicone all'interno della vita per mantenere la calzamaglia in posizione.<\/p>\n<p>Materiale: 92% poliestere riciclato, 8% elastan<\/p>","protected":false},"excerpt":{"rendered":"<p>Trainings- und Renn-XC Tights aus Polyester Jersey mit h\u00f6chsten Stretch und Thermoregulation. \u2022 Jersey aus recyceltem Polyester und Elasthan \u2022 Hochelastisches Polyester und Elasthan Gewebe f\u00fcr perfekte Passform \u2022 Sublimiertes Design \u2022 Stangen-\/Gel-Tasche hinten an der Wade f\u00fcr zus\u00e4tzliche Energie w\u00e4hrend des Rennens \u2022 Flache Innenkordel in der Taille f\u00fcr perfekten Sitz \u2022 Silikondruck an [&hellip;]<\/p>\n","protected":false},"featured_media":476927,"template":"","meta":[],"product_brand":[],"product_cat":[4190],"product_tag":[],"class_list":{"0":"post-476898","1":"product","2":"type-product","3":"status-publish","4":"has-post-thumbnail","6":"product_cat-leggings","7":"pa_brand-craft-retail-sportswear","8":"pa_brand-type-sportswear","9":"pa_filter-color-blau","10":"pa_filter-color-rot","11":"pa_filter-color-schwarz","13":"first","14":"instock","15":"sale","16":"taxable","17":"shipping-taxable","18":"purchasable","19":"product-type-variable","20":"add-to-wishlist-before_image"},"exclude_global_add_ons":[],"addons":[],"acf":[],"_links":{"self":[{"href":"https:\/\/shop.kustom.ch\/it\/wp-json\/wp\/v2\/product\/476898"}],"collection":[{"href":"https:\/\/shop.kustom.ch\/it\/wp-json\/wp\/v2\/product"}],"about":[{"href":"https:\/\/shop.kustom.ch\/it\/wp-json\/wp\/v2\/types\/product"}],"wp:featuredmedia":[{"embeddable":true,"href":"https:\/\/shop.kustom.ch\/it\/wp-json\/wp\/v2\/media\/476927"}],"wp:attachment":[{"href":"https:\/\/shop.kustom.ch\/it\/wp-json\/wp\/v2\/media?parent=476898"}],"wp:term":[{"taxonomy":"product_brand","embeddable":true,"href":"https:\/\/shop.kustom.ch\/it\/wp-json\/wp\/v2\/product_brand?post=476898"},{"taxonomy":"product_cat","embeddable":true,"href":"https:\/\/shop.kustom.ch\/it\/wp-json\/wp\/v2\/product_cat?post=476898"},{"taxonomy":"product_tag","embeddable":true,"href":"https:\/\/shop.kustom.ch\/it\/wp-json\/wp\/v2\/product_tag?post=476898"}],"curies":[{"name":"wp","href":"https:\/\/api.w.org\/{rel}","templated":true}]}}