{"id":476831,"date":"2024-11-25T08:28:50","date_gmt":"2024-11-25T07:28:50","guid":{"rendered":"https:\/\/shop.kustom.ch\/?post_type=product&#038;p=476831"},"modified":"2026-03-27T14:56:58","modified_gmt":"2026-03-27T13:56:58","slug":"adv-nordic-ski-club-jersey-m","status":"publish","type":"product","link":"https:\/\/shop.kustom.ch\/it\/prodotto\/adv-nordic-ski-club-jersey-m\/","title":{"rendered":"Maglia ADV Sci Club Nordico M"},"content":{"rendered":"<p>Maglia da allenamento e da gara XC in jersey di poliestere con massima elasticit\u00e0 e termoregolazione.<br \/>\n- Maglia realizzata in poliestere riciclato ed elastan<br \/>\n- Tessuto in poliestere ed elastan altamente elasticizzato per una vestibilit\u00e0 perfetta<br \/>\n- Design sublimato<br \/>\n- Zip frontale per una maggiore regolazione del calore<\/p>\n<p>Materiale: 92% poliestere riciclato, 8% elastan<\/p>","protected":false},"excerpt":{"rendered":"<p>Trainings- und Renn-XC Trikot aus Polyester Jersey mit h\u00f6chsten Stretch und Thermoregulation. \u2022 Jersey aus recyceltem Polyester und Elasthan \u2022 Hochelastisches Polyester und Elasthan Gewebe f\u00fcr perfekte Passform \u2022 Sublimiertes Design \u2022 Reissverschluss vorne f\u00fcr zus\u00e4tzliche W\u00e4rmeregulierung Material: 92% Recycling Polyester, 8% Elasthan<\/p>","protected":false},"featured_media":476833,"template":"","meta":[],"product_brand":[],"product_cat":[4201],"product_tag":[],"class_list":{"0":"post-476831","1":"product","2":"type-product","3":"status-publish","4":"has-post-thumbnail","6":"product_cat-t-shirts","7":"pa_brand-craft-retail-sportswear","8":"pa_brand-type-sportswear","9":"pa_filter-color-blau","10":"pa_filter-color-rot","11":"pa_filter-color-schwarz","13":"first","14":"instock","15":"sale","16":"taxable","17":"shipping-taxable","18":"purchasable","19":"product-type-variable","20":"add-to-wishlist-before_image"},"exclude_global_add_ons":[],"addons":[],"acf":[],"_links":{"self":[{"href":"https:\/\/shop.kustom.ch\/it\/wp-json\/wp\/v2\/product\/476831"}],"collection":[{"href":"https:\/\/shop.kustom.ch\/it\/wp-json\/wp\/v2\/product"}],"about":[{"href":"https:\/\/shop.kustom.ch\/it\/wp-json\/wp\/v2\/types\/product"}],"wp:featuredmedia":[{"embeddable":true,"href":"https:\/\/shop.kustom.ch\/it\/wp-json\/wp\/v2\/media\/476833"}],"wp:attachment":[{"href":"https:\/\/shop.kustom.ch\/it\/wp-json\/wp\/v2\/media?parent=476831"}],"wp:term":[{"taxonomy":"product_brand","embeddable":true,"href":"https:\/\/shop.kustom.ch\/it\/wp-json\/wp\/v2\/product_brand?post=476831"},{"taxonomy":"product_cat","embeddable":true,"href":"https:\/\/shop.kustom.ch\/it\/wp-json\/wp\/v2\/product_cat?post=476831"},{"taxonomy":"product_tag","embeddable":true,"href":"https:\/\/shop.kustom.ch\/it\/wp-json\/wp\/v2\/product_tag?post=476831"}],"curies":[{"name":"wp","href":"https:\/\/api.w.org\/{rel}","templated":true}]}}