{"id":476799,"date":"2024-11-25T08:28:11","date_gmt":"2024-11-25T07:28:11","guid":{"rendered":"https:\/\/shop.kustom.ch\/?post_type=product&#038;p=476799"},"modified":"2026-03-27T15:22:46","modified_gmt":"2026-03-27T14:22:46","slug":"adv-tone-ss-structure-tee-m","status":"publish","type":"product","link":"https:\/\/shop.kustom.ch\/it\/prodotto\/adv-tone-ss-structure-tee-m\/","title":{"rendered":"ADV Tone SS Structure Tee M"},"content":{"rendered":"<p>T-shirt da allenamento avanzata con un efficiente trasporto dell'umidit\u00e0 per gli allenamenti quotidiani e intensivi. Realizzata in morbido jersey con motivo jacquard lavorato a maglia. Vestibilit\u00e0 regolare.<\/p>\n<p>- Vestibilit\u00e0 normale<br \/>\n- Morbido e confortevole poliestere riciclato con motivo jacquard lavorato a maglia<\/p>\n<p>Materiale: poliestere riciclato 100%<\/p>","protected":false},"excerpt":{"rendered":"<p>Training-T-Shirt f\u00fcr Fortgeschrittene mit effizientem Feuchtigkeitstransport f\u00fcr das t\u00e4gliche, intensive Workout. Aus weichem Jersey mit gestrickter Jacquardmusterung. Normale Passform. \u2022 Normale Passform \u2022 Weicher, angenehmer Recycling-Polyester mit gestrickter Jacquardmusterung Material: 100% Recycling-Polyester<\/p>","protected":false},"featured_media":476800,"template":"","meta":[],"product_brand":[],"product_cat":[4201],"product_tag":[],"class_list":{"0":"post-476799","1":"product","2":"type-product","3":"status-publish","4":"has-post-thumbnail","6":"product_cat-t-shirts","7":"pa_brand-craft-retail-sportswear","8":"pa_brand-type-sportswear","10":"first","11":"instock","12":"sale","13":"taxable","14":"shipping-taxable","15":"purchasable","16":"product-type-variable","17":"add-to-wishlist-before_image"},"exclude_global_add_ons":[],"addons":[],"acf":[],"_links":{"self":[{"href":"https:\/\/shop.kustom.ch\/it\/wp-json\/wp\/v2\/product\/476799"}],"collection":[{"href":"https:\/\/shop.kustom.ch\/it\/wp-json\/wp\/v2\/product"}],"about":[{"href":"https:\/\/shop.kustom.ch\/it\/wp-json\/wp\/v2\/types\/product"}],"wp:featuredmedia":[{"embeddable":true,"href":"https:\/\/shop.kustom.ch\/it\/wp-json\/wp\/v2\/media\/476800"}],"wp:attachment":[{"href":"https:\/\/shop.kustom.ch\/it\/wp-json\/wp\/v2\/media?parent=476799"}],"wp:term":[{"taxonomy":"product_brand","embeddable":true,"href":"https:\/\/shop.kustom.ch\/it\/wp-json\/wp\/v2\/product_brand?post=476799"},{"taxonomy":"product_cat","embeddable":true,"href":"https:\/\/shop.kustom.ch\/it\/wp-json\/wp\/v2\/product_cat?post=476799"},{"taxonomy":"product_tag","embeddable":true,"href":"https:\/\/shop.kustom.ch\/it\/wp-json\/wp\/v2\/product_tag?post=476799"}],"curies":[{"name":"wp","href":"https:\/\/api.w.org\/{rel}","templated":true}]}}