{"id":468624,"date":"2024-04-26T13:20:30","date_gmt":"2024-04-26T12:20:30","guid":{"rendered":"https:\/\/kustomshop.kinsta.cloud\/?post_type=product&#038;p=468624"},"modified":"2024-04-26T13:21:59","modified_gmt":"2024-04-26T12:21:59","slug":"racing-leichtathletik-hotpants-damen","status":"publish","type":"product","link":"https:\/\/shop.kustom.ch\/it\/prodotto\/racing-leichtathletik-hotpants-damen\/","title":{"rendered":"Atletica da corsa hot pants da donna"},"content":{"rendered":"<p>Questi pantaloni caldi sono un must per gli allenamenti e le gare nelle giornate pi\u00f9 calde! Sono realizzati con un materiale ad asciugatura rapida che allontana l'umidit\u00e0 dalla pelle. In questo modo si rimane piacevolmente asciutti anche durante le sessioni sportive pi\u00f9 sudate. Grazie all'elevato contenuto di elasticizzazione, gli hot pants sono super elastici e seguono ogni vostro movimento. La piena libert\u00e0 di movimento \u00e8 garantita.<br \/>\nPer garantire che nulla scivoli, i pantaloni sono dotati di un'ampia fascia in vita con coulisse integrata per una vestibilit\u00e0 personalizzata e sicura. Grazie alle cuciture piatte, l'attrito \u00e8 ridotto al minimo anche quando si fa molto movimento.<\/p>","protected":false},"excerpt":{"rendered":"<p>Colore: nero<\/p>","protected":false},"featured_media":468266,"template":"","meta":[],"product_brand":[],"product_cat":[9647],"product_tag":[],"class_list":{"0":"post-468624","1":"product","2":"type-product","3":"status-publish","4":"has-post-thumbnail","6":"product_cat-llt-oberwallis","8":"first","9":"instock","10":"taxable","11":"shipping-taxable","12":"purchasable","13":"product-type-variable","14":"add-to-wishlist-before_image"},"exclude_global_add_ons":[],"addons":[],"acf":[],"_links":{"self":[{"href":"https:\/\/shop.kustom.ch\/it\/wp-json\/wp\/v2\/product\/468624"}],"collection":[{"href":"https:\/\/shop.kustom.ch\/it\/wp-json\/wp\/v2\/product"}],"about":[{"href":"https:\/\/shop.kustom.ch\/it\/wp-json\/wp\/v2\/types\/product"}],"wp:featuredmedia":[{"embeddable":true,"href":"https:\/\/shop.kustom.ch\/it\/wp-json\/wp\/v2\/media\/468266"}],"wp:attachment":[{"href":"https:\/\/shop.kustom.ch\/it\/wp-json\/wp\/v2\/media?parent=468624"}],"wp:term":[{"taxonomy":"product_brand","embeddable":true,"href":"https:\/\/shop.kustom.ch\/it\/wp-json\/wp\/v2\/product_brand?post=468624"},{"taxonomy":"product_cat","embeddable":true,"href":"https:\/\/shop.kustom.ch\/it\/wp-json\/wp\/v2\/product_cat?post=468624"},{"taxonomy":"product_tag","embeddable":true,"href":"https:\/\/shop.kustom.ch\/it\/wp-json\/wp\/v2\/product_tag?post=468624"}],"curies":[{"name":"wp","href":"https:\/\/api.w.org\/{rel}","templated":true}]}}