{"id":468623,"date":"2024-04-26T13:20:29","date_gmt":"2024-04-26T12:20:29","guid":{"rendered":"https:\/\/kustomshop.kinsta.cloud\/?post_type=product&#038;p=468623"},"modified":"2024-04-26T13:21:40","modified_gmt":"2024-04-26T12:21:40","slug":"racing-leichtathletik-tight-kurz-damen","status":"publish","type":"product","link":"https:\/\/shop.kustom.ch\/it\/prodotto\/racing-leichtathletik-tight-kurz-damen\/","title":{"rendered":"Pantaloncini corti da corsa per atletica leggera da donna"},"content":{"rendered":"<p>Questi collant funzionali e semplici offrono il miglior supporto possibile in tutte le discipline. Sono realizzati in un materiale morbido che allontana l'umidit\u00e0 dalla pelle. Questo garantisce una vestibilit\u00e0 confortevole. Il materiale \u00e8 inoltre molto elastico grazie all'elevato contenuto di fibre, in modo da garantire la massima libert\u00e0 di movimento.<br \/>\nLo speciale taglio femminile con vestibilit\u00e0 aderente e l'ampia fascia in vita con coulisse integrata garantiscono una vestibilit\u00e0 perfetta. Il tight \u00e8 dotato di cuciture piatte per ridurre al minimo gli sfregamenti anche quando ci si muove molto.<\/p>","protected":false},"excerpt":{"rendered":"<p>Colore: nero<\/p>","protected":false},"featured_media":468261,"template":"","meta":[],"product_brand":[],"product_cat":[9647],"product_tag":[],"class_list":{"0":"post-468623","1":"product","2":"type-product","3":"status-publish","4":"has-post-thumbnail","6":"product_cat-llt-oberwallis","8":"first","9":"instock","10":"taxable","11":"shipping-taxable","12":"purchasable","13":"product-type-variable","14":"add-to-wishlist-before_image"},"exclude_global_add_ons":[],"addons":[],"acf":[],"_links":{"self":[{"href":"https:\/\/shop.kustom.ch\/it\/wp-json\/wp\/v2\/product\/468623"}],"collection":[{"href":"https:\/\/shop.kustom.ch\/it\/wp-json\/wp\/v2\/product"}],"about":[{"href":"https:\/\/shop.kustom.ch\/it\/wp-json\/wp\/v2\/types\/product"}],"wp:featuredmedia":[{"embeddable":true,"href":"https:\/\/shop.kustom.ch\/it\/wp-json\/wp\/v2\/media\/468261"}],"wp:attachment":[{"href":"https:\/\/shop.kustom.ch\/it\/wp-json\/wp\/v2\/media?parent=468623"}],"wp:term":[{"taxonomy":"product_brand","embeddable":true,"href":"https:\/\/shop.kustom.ch\/it\/wp-json\/wp\/v2\/product_brand?post=468623"},{"taxonomy":"product_cat","embeddable":true,"href":"https:\/\/shop.kustom.ch\/it\/wp-json\/wp\/v2\/product_cat?post=468623"},{"taxonomy":"product_tag","embeddable":true,"href":"https:\/\/shop.kustom.ch\/it\/wp-json\/wp\/v2\/product_tag?post=468623"}],"curies":[{"name":"wp","href":"https:\/\/api.w.org\/{rel}","templated":true}]}}