{"id":468593,"date":"2024-04-26T13:19:39","date_gmt":"2024-04-26T12:19:39","guid":{"rendered":"https:\/\/kustomshop.kinsta.cloud\/?post_type=product&#038;p=468593"},"modified":"2025-05-19T08:16:37","modified_gmt":"2025-05-19T07:16:37","slug":"change-by-erima-praesentationshose-damen","status":"publish","type":"product","link":"https:\/\/shop.kustom.ch\/it\/prodotto\/change-by-erima-praesentationshose-damen\/","title":{"rendered":"CHANGE by erima presentazione pantaloni donna"},"content":{"rendered":"<p>Per un aspetto uniforme in occasione di gare o partite! I pantaloni di presentazione sono realizzati in un materiale leggero e funzionale che offre un elevato livello di comfort grazie alla regolazione ottimale della temperatura. Il materiale \u00e8 anche molto elasticizzato, in modo da garantire la massima libert\u00e0 di movimento. A ci\u00f2 si aggiungono gli inserti elasticizzati sui lati. I pantaloni hanno un'ampia fascia in vita con coulisse e polsini flessibili in fondo alle gambe per una vestibilit\u00e0 ottimale. Grazie al taglio speciale da donna, abbracciano perfettamente ogni figura. La zip all'estremit\u00e0 delle gambe \u00e8 molto pratica e li rende facili da indossare e da togliere. Gli oggetti di valore possono essere riposti in tutta sicurezza nelle tasche laterali con zip.<\/p>","protected":false},"excerpt":{"rendered":"<p>Colore: nero<\/p>","protected":false},"featured_media":468529,"template":"","meta":[],"product_brand":[],"product_cat":[9647],"product_tag":[],"class_list":{"0":"post-468593","1":"product","2":"type-product","3":"status-publish","4":"has-post-thumbnail","6":"product_cat-llt-oberwallis","8":"first","9":"instock","10":"taxable","11":"shipping-taxable","12":"purchasable","13":"product-type-variable","14":"add-to-wishlist-before_image"},"exclude_global_add_ons":[],"addons":[],"acf":[],"_links":{"self":[{"href":"https:\/\/shop.kustom.ch\/it\/wp-json\/wp\/v2\/product\/468593"}],"collection":[{"href":"https:\/\/shop.kustom.ch\/it\/wp-json\/wp\/v2\/product"}],"about":[{"href":"https:\/\/shop.kustom.ch\/it\/wp-json\/wp\/v2\/types\/product"}],"wp:featuredmedia":[{"embeddable":true,"href":"https:\/\/shop.kustom.ch\/it\/wp-json\/wp\/v2\/media\/468529"}],"wp:attachment":[{"href":"https:\/\/shop.kustom.ch\/it\/wp-json\/wp\/v2\/media?parent=468593"}],"wp:term":[{"taxonomy":"product_brand","embeddable":true,"href":"https:\/\/shop.kustom.ch\/it\/wp-json\/wp\/v2\/product_brand?post=468593"},{"taxonomy":"product_cat","embeddable":true,"href":"https:\/\/shop.kustom.ch\/it\/wp-json\/wp\/v2\/product_cat?post=468593"},{"taxonomy":"product_tag","embeddable":true,"href":"https:\/\/shop.kustom.ch\/it\/wp-json\/wp\/v2\/product_tag?post=468593"}],"curies":[{"name":"wp","href":"https:\/\/api.w.org\/{rel}","templated":true}]}}