{"id":468574,"date":"2024-04-26T13:19:13","date_gmt":"2024-04-26T12:19:13","guid":{"rendered":"https:\/\/kustomshop.kinsta.cloud\/?post_type=product&#038;p=468574"},"modified":"2024-05-02T08:18:54","modified_gmt":"2024-05-02T07:18:54","slug":"racing-bra-damen","status":"publish","type":"product","link":"https:\/\/shop.kustom.ch\/it\/prodotto\/racing-bra-damen\/","title":{"rendered":"Reggiseno da corsa Donna"},"content":{"rendered":"<p>Il reggiseno RACING garantisce un elevato livello di comfort in ogni situazione. \u00c8 realizzato in un materiale piacevolmente morbido che allontana l'umidit\u00e0 dalla pelle, rendendo la sensazione di asciutto. Allo stesso tempo, il materiale \u00e8 molto elastico grazie all'elevato contenuto di fibre, per cui si pu\u00f2 godere di una piena libert\u00e0 di movimento. La fascia elastica sotto il seno e la vestibilit\u00e0 ergonomica con il retro del reggiseno assicurano una perfetta vestibilit\u00e0.<\/p>","protected":false},"excerpt":{"rendered":"<p>Colore: nero<\/p>","protected":false},"featured_media":469588,"template":"","meta":[],"product_brand":[],"product_cat":[9647],"product_tag":[],"class_list":{"0":"post-468574","1":"product","2":"type-product","3":"status-publish","4":"has-post-thumbnail","6":"product_cat-llt-oberwallis","8":"first","9":"instock","10":"taxable","11":"shipping-taxable","12":"purchasable","13":"product-type-variable","14":"add-to-wishlist-before_image"},"exclude_global_add_ons":[],"addons":[],"acf":[],"_links":{"self":[{"href":"https:\/\/shop.kustom.ch\/it\/wp-json\/wp\/v2\/product\/468574"}],"collection":[{"href":"https:\/\/shop.kustom.ch\/it\/wp-json\/wp\/v2\/product"}],"about":[{"href":"https:\/\/shop.kustom.ch\/it\/wp-json\/wp\/v2\/types\/product"}],"wp:featuredmedia":[{"embeddable":true,"href":"https:\/\/shop.kustom.ch\/it\/wp-json\/wp\/v2\/media\/469588"}],"wp:attachment":[{"href":"https:\/\/shop.kustom.ch\/it\/wp-json\/wp\/v2\/media?parent=468574"}],"wp:term":[{"taxonomy":"product_brand","embeddable":true,"href":"https:\/\/shop.kustom.ch\/it\/wp-json\/wp\/v2\/product_brand?post=468574"},{"taxonomy":"product_cat","embeddable":true,"href":"https:\/\/shop.kustom.ch\/it\/wp-json\/wp\/v2\/product_cat?post=468574"},{"taxonomy":"product_tag","embeddable":true,"href":"https:\/\/shop.kustom.ch\/it\/wp-json\/wp\/v2\/product_tag?post=468574"}],"curies":[{"name":"wp","href":"https:\/\/api.w.org\/{rel}","templated":true}]}}