{"id":468556,"date":"2024-04-26T13:18:47","date_gmt":"2024-04-26T12:18:47","guid":{"rendered":"https:\/\/kustomshop.kinsta.cloud\/?post_type=product&#038;p=468556"},"modified":"2024-04-26T13:20:27","modified_gmt":"2024-04-26T12:20:27","slug":"racing-singlet-kinder","status":"publish","type":"product","link":"https:\/\/shop.kustom.ch\/it\/prodotto\/racing-singlet-kinder\/","title":{"rendered":"Canotta da corsa per bambini"},"content":{"rendered":"<p>Il materiale funzionale superleggero e ad asciugatura rapida allontana l'umidit\u00e0 dalla pelle, consentendo di beneficiare di una sensazione di piacevole asciutto anche durante le sessioni di allenamento nelle giornate pi\u00f9 calde. La canotta \u00e8 inoltre dotata di cuciture piatte, che riducono al minimo l'attrito anche durante i movimenti pi\u00f9 intensi. Questo garantisce un elevato livello di comfort. Per rendervi pi\u00f9 visibili al crepuscolo, la canotta \u00e8 dotata di un elemento riflettente sulla schiena per una maggiore sicurezza.<\/p>","protected":false},"excerpt":{"rendered":"<p>Colore: nero<\/p>","protected":false},"featured_media":468264,"template":"","meta":[],"product_brand":[],"product_cat":[9647],"product_tag":[],"class_list":{"0":"post-468556","1":"product","2":"type-product","3":"status-publish","4":"has-post-thumbnail","6":"product_cat-llt-oberwallis","8":"first","9":"instock","10":"taxable","11":"shipping-taxable","12":"purchasable","13":"product-type-variable","14":"add-to-wishlist-before_image"},"exclude_global_add_ons":[],"addons":[],"acf":[],"_links":{"self":[{"href":"https:\/\/shop.kustom.ch\/it\/wp-json\/wp\/v2\/product\/468556"}],"collection":[{"href":"https:\/\/shop.kustom.ch\/it\/wp-json\/wp\/v2\/product"}],"about":[{"href":"https:\/\/shop.kustom.ch\/it\/wp-json\/wp\/v2\/types\/product"}],"wp:featuredmedia":[{"embeddable":true,"href":"https:\/\/shop.kustom.ch\/it\/wp-json\/wp\/v2\/media\/468264"}],"wp:attachment":[{"href":"https:\/\/shop.kustom.ch\/it\/wp-json\/wp\/v2\/media?parent=468556"}],"wp:term":[{"taxonomy":"product_brand","embeddable":true,"href":"https:\/\/shop.kustom.ch\/it\/wp-json\/wp\/v2\/product_brand?post=468556"},{"taxonomy":"product_cat","embeddable":true,"href":"https:\/\/shop.kustom.ch\/it\/wp-json\/wp\/v2\/product_cat?post=468556"},{"taxonomy":"product_tag","embeddable":true,"href":"https:\/\/shop.kustom.ch\/it\/wp-json\/wp\/v2\/product_tag?post=468556"}],"curies":[{"name":"wp","href":"https:\/\/api.w.org\/{rel}","templated":true}]}}