{"id":468540,"date":"2024-04-26T13:18:22","date_gmt":"2024-04-26T12:18:22","guid":{"rendered":"https:\/\/kustomshop.kinsta.cloud\/?post_type=product&#038;p=468540"},"modified":"2024-04-26T13:20:00","modified_gmt":"2024-04-26T12:20:00","slug":"change-by-erima-praesentationsjacke-kinder","status":"publish","type":"product","link":"https:\/\/shop.kustom.ch\/it\/prodotto\/change-by-erima-praesentationsjacke-kinder\/","title":{"rendered":"CHANGE by erima giacca di presentazione bambino"},"content":{"rendered":"<p>La giacca di presentazione di alta qualit\u00e0 \u00e8 realizzata con un materiale funzionale molto leggero che garantisce un elevato livello di comfort durante le gare o le partite. Il materiale convince anche per le sue propriet\u00e0 elastiche, che consentono di godere di una completa libert\u00e0 di movimento. La giacca di presentazione \u00e8 completata da pratici extra: polsini e orlo a coste, un piccolo colletto rialzato e tasche laterali con zip nascoste completano il look. Lo slogan ERIMA sul retro \u00e8 un dettaglio discreto.<\/p>","protected":false},"excerpt":{"rendered":"<p>Colore: curacao\/mykonos\/bianco<\/p>","protected":false},"featured_media":468527,"template":"","meta":[],"product_brand":[],"product_cat":[9647],"product_tag":[],"class_list":{"0":"post-468540","1":"product","2":"type-product","3":"status-publish","4":"has-post-thumbnail","6":"product_cat-llt-oberwallis","8":"first","9":"instock","10":"taxable","11":"shipping-taxable","12":"purchasable","13":"product-type-variable","14":"add-to-wishlist-before_image"},"exclude_global_add_ons":[],"addons":[],"acf":[],"_links":{"self":[{"href":"https:\/\/shop.kustom.ch\/it\/wp-json\/wp\/v2\/product\/468540"}],"collection":[{"href":"https:\/\/shop.kustom.ch\/it\/wp-json\/wp\/v2\/product"}],"about":[{"href":"https:\/\/shop.kustom.ch\/it\/wp-json\/wp\/v2\/types\/product"}],"wp:featuredmedia":[{"embeddable":true,"href":"https:\/\/shop.kustom.ch\/it\/wp-json\/wp\/v2\/media\/468527"}],"wp:attachment":[{"href":"https:\/\/shop.kustom.ch\/it\/wp-json\/wp\/v2\/media?parent=468540"}],"wp:term":[{"taxonomy":"product_brand","embeddable":true,"href":"https:\/\/shop.kustom.ch\/it\/wp-json\/wp\/v2\/product_brand?post=468540"},{"taxonomy":"product_cat","embeddable":true,"href":"https:\/\/shop.kustom.ch\/it\/wp-json\/wp\/v2\/product_cat?post=468540"},{"taxonomy":"product_tag","embeddable":true,"href":"https:\/\/shop.kustom.ch\/it\/wp-json\/wp\/v2\/product_tag?post=468540"}],"curies":[{"name":"wp","href":"https:\/\/api.w.org\/{rel}","templated":true}]}}