{"id":468537,"date":"2024-04-26T13:18:19","date_gmt":"2024-04-26T12:18:19","guid":{"rendered":"https:\/\/kustomshop.kinsta.cloud\/?post_type=product&#038;p=468537"},"modified":"2024-04-26T13:19:33","modified_gmt":"2024-04-26T12:19:33","slug":"change-by-erima-trainingsjacke-kinder","status":"publish","type":"product","link":"https:\/\/shop.kustom.ch\/it\/prodotto\/change-by-erima-trainingsjacke-kinder\/","title":{"rendered":"Giacca da allenamento per bambini CHANGE by erima"},"content":{"rendered":"<p>Alle basse temperature, la giacca da allenamento CHANGE by erima \u00e8 un capo indispensabile per l'allenamento o il riscaldamento. \u00c8 dotata di colletto alto e cappuccio per tenervi al caldo. Il materiale funzionale \u00e8 particolarmente resistente e pu\u00f2 quindi sopportare qualsiasi sessione di allenamento. I pratici extra includono polsini e orlo a costine per un'ottima vestibilit\u00e0 e tasche laterali con zip per gli oggetti di valore. Lo slogan ERIMA sulla schiena \u00e8 un dettaglio discreto.<\/p>","protected":false},"excerpt":{"rendered":"<p>Colore: curacao\/mykonos\/bianco<\/p>","protected":false},"featured_media":468287,"template":"","meta":[],"product_brand":[],"product_cat":[9647],"product_tag":[],"class_list":{"0":"post-468537","1":"product","2":"type-product","3":"status-publish","4":"has-post-thumbnail","6":"product_cat-llt-oberwallis","8":"first","9":"instock","10":"taxable","11":"shipping-taxable","12":"purchasable","13":"product-type-variable","14":"add-to-wishlist-before_image"},"exclude_global_add_ons":[],"addons":[],"acf":[],"_links":{"self":[{"href":"https:\/\/shop.kustom.ch\/it\/wp-json\/wp\/v2\/product\/468537"}],"collection":[{"href":"https:\/\/shop.kustom.ch\/it\/wp-json\/wp\/v2\/product"}],"about":[{"href":"https:\/\/shop.kustom.ch\/it\/wp-json\/wp\/v2\/types\/product"}],"wp:featuredmedia":[{"embeddable":true,"href":"https:\/\/shop.kustom.ch\/it\/wp-json\/wp\/v2\/media\/468287"}],"wp:attachment":[{"href":"https:\/\/shop.kustom.ch\/it\/wp-json\/wp\/v2\/media?parent=468537"}],"wp:term":[{"taxonomy":"product_brand","embeddable":true,"href":"https:\/\/shop.kustom.ch\/it\/wp-json\/wp\/v2\/product_brand?post=468537"},{"taxonomy":"product_cat","embeddable":true,"href":"https:\/\/shop.kustom.ch\/it\/wp-json\/wp\/v2\/product_cat?post=468537"},{"taxonomy":"product_tag","embeddable":true,"href":"https:\/\/shop.kustom.ch\/it\/wp-json\/wp\/v2\/product_tag?post=468537"}],"curies":[{"name":"wp","href":"https:\/\/api.w.org\/{rel}","templated":true}]}}