{"id":468535,"date":"2024-04-26T13:18:17","date_gmt":"2024-04-26T12:18:17","guid":{"rendered":"https:\/\/kustomshop.kinsta.cloud\/?post_type=product&#038;p=468535"},"modified":"2024-04-26T13:19:08","modified_gmt":"2024-04-26T12:19:08","slug":"change-by-erima-poloshirt-herren","status":"publish","type":"product","link":"https:\/\/shop.kustom.ch\/it\/prodotto\/change-by-erima-poloshirt-herren\/","title":{"rendered":"Polo da uomo CHANGE by erima"},"content":{"rendered":"<p>Sportiva ed elegante allo stesso tempo: con questa polo sarete eleganti in ogni situazione. \u00c8 dotata di un tipico colletto da polo con una pratica abbottonatura a 3 bottoni, che le conferisce un aspetto elegante. La polo \u00e8 realizzata in un materiale funzionale molto leggero che si asciuga rapidamente ed \u00e8 quindi comodo da indossare. Questo la rende la compagna ideale per le attivit\u00e0 sportive nelle giornate pi\u00f9 calde.<\/p>","protected":false},"excerpt":{"rendered":"<p>Colore: curacao\/mykonos\/bianco<\/p>","protected":false},"featured_media":468283,"template":"","meta":[],"product_brand":[],"product_cat":[9647],"product_tag":[],"class_list":{"0":"post-468535","1":"product","2":"type-product","3":"status-publish","4":"has-post-thumbnail","6":"product_cat-llt-oberwallis","8":"first","9":"instock","10":"taxable","11":"shipping-taxable","12":"purchasable","13":"product-type-variable","14":"add-to-wishlist-before_image"},"exclude_global_add_ons":[],"addons":[],"acf":[],"_links":{"self":[{"href":"https:\/\/shop.kustom.ch\/it\/wp-json\/wp\/v2\/product\/468535"}],"collection":[{"href":"https:\/\/shop.kustom.ch\/it\/wp-json\/wp\/v2\/product"}],"about":[{"href":"https:\/\/shop.kustom.ch\/it\/wp-json\/wp\/v2\/types\/product"}],"wp:featuredmedia":[{"embeddable":true,"href":"https:\/\/shop.kustom.ch\/it\/wp-json\/wp\/v2\/media\/468283"}],"wp:attachment":[{"href":"https:\/\/shop.kustom.ch\/it\/wp-json\/wp\/v2\/media?parent=468535"}],"wp:term":[{"taxonomy":"product_brand","embeddable":true,"href":"https:\/\/shop.kustom.ch\/it\/wp-json\/wp\/v2\/product_brand?post=468535"},{"taxonomy":"product_cat","embeddable":true,"href":"https:\/\/shop.kustom.ch\/it\/wp-json\/wp\/v2\/product_cat?post=468535"},{"taxonomy":"product_tag","embeddable":true,"href":"https:\/\/shop.kustom.ch\/it\/wp-json\/wp\/v2\/product_tag?post=468535"}],"curies":[{"name":"wp","href":"https:\/\/api.w.org\/{rel}","templated":true}]}}