{"id":247401,"date":"2024-04-06T09:04:02","date_gmt":"2024-04-06T08:04:02","guid":{"rendered":"https:\/\/kustomshop.kinsta.cloud\/?post_type=product&#038;p=247401"},"modified":"2026-03-27T14:23:20","modified_gmt":"2026-03-27T13:23:20","slug":"core-soul-zip-sweatpants-w","status":"publish","type":"product","link":"https:\/\/shop.kustom.ch\/it\/prodotto\/core-soul-zip-sweatpants-w\/","title":{"rendered":"CORE Soul Zip Sweatpants W"},"content":{"rendered":"<p>Pantaloni da tuta casual realizzati in un materiale piacevolmente morbido per il massimo comfort. Le chiusure a zip all'estremit\u00e0 delle gambe li rendono facili da indossare e da togliere. <\/p>\n<p>- Materiale piacevolmente morbido<br \/>\n- Polsini delle gambe con cerniera per una facile vestizione e rimozione<br \/>\n- Due tasche anteriori con zip<\/p>\n<p>Materiale: 48% cotone 47% poliestere 5%Elasthane<\/p>","protected":false},"excerpt":{"rendered":"<p>L\u00e4ssige Sweatpants aus einem angenehm weichen Material f\u00fcr maximalen Tragekomfort. Reissverschl\u00fcsse an den Beinabschl\u00fcssen erleichtern das An- und Ausziehen. \u2022 Angenehm weiches Material \u2022 Beinabschl\u00fcsse mit Reissverschluss f\u00fcr leichtes An- und Ausziehen \u2022 Zwei Taschen vorne mit Reissverschluss Material: 48% Baumwolle 47% Polyester 5%Elasthan<\/p>","protected":false},"featured_media":247420,"template":"","meta":[],"product_brand":[],"product_cat":[4185],"product_tag":[],"class_list":{"0":"post-247401","1":"product","2":"type-product","3":"status-publish","4":"has-post-thumbnail","6":"product_cat-hosen","7":"pa_brand-craft-retail-sportswear","8":"pa_brand-type-sportswear","9":"pa_filter-color-blau","10":"pa_filter-color-grau","11":"pa_filter-color-schwarz","13":"first","14":"instock","15":"sale","16":"taxable","17":"shipping-taxable","18":"purchasable","19":"product-type-variable","20":"add-to-wishlist-before_image"},"exclude_global_add_ons":[],"addons":[],"acf":[],"_links":{"self":[{"href":"https:\/\/shop.kustom.ch\/it\/wp-json\/wp\/v2\/product\/247401"}],"collection":[{"href":"https:\/\/shop.kustom.ch\/it\/wp-json\/wp\/v2\/product"}],"about":[{"href":"https:\/\/shop.kustom.ch\/it\/wp-json\/wp\/v2\/types\/product"}],"wp:featuredmedia":[{"embeddable":true,"href":"https:\/\/shop.kustom.ch\/it\/wp-json\/wp\/v2\/media\/247420"}],"wp:attachment":[{"href":"https:\/\/shop.kustom.ch\/it\/wp-json\/wp\/v2\/media?parent=247401"}],"wp:term":[{"taxonomy":"product_brand","embeddable":true,"href":"https:\/\/shop.kustom.ch\/it\/wp-json\/wp\/v2\/product_brand?post=247401"},{"taxonomy":"product_cat","embeddable":true,"href":"https:\/\/shop.kustom.ch\/it\/wp-json\/wp\/v2\/product_cat?post=247401"},{"taxonomy":"product_tag","embeddable":true,"href":"https:\/\/shop.kustom.ch\/it\/wp-json\/wp\/v2\/product_tag?post=247401"}],"curies":[{"name":"wp","href":"https:\/\/api.w.org\/{rel}","templated":true}]}}