{"id":247277,"date":"2024-04-06T08:59:22","date_gmt":"2024-04-06T07:59:22","guid":{"rendered":"https:\/\/kustomshop.kinsta.cloud\/?post_type=product&#038;p=247277"},"modified":"2026-03-27T14:43:29","modified_gmt":"2026-03-27T13:43:29","slug":"charge-visor","status":"publish","type":"product","link":"https:\/\/shop.kustom.ch\/it\/prodotto\/charge-visor\/","title":{"rendered":"Visiera di carica"},"content":{"rendered":"<p>Classico parasole per attivit\u00e0 sportive all'aperto nelle giornate di sole. Con cinturino elastico sul retro per una vestibilit\u00e0 perfetta.<br \/>\n- Elastico per una vestibilit\u00e0 ottimale<\/p>\n<p>Materiale: poliestere 100%<\/p>","protected":false},"excerpt":{"rendered":"<p>Klassische Sonnenblende f\u00fcr sportliche Outdoor-Aktivit\u00e4ten an sonnigen Tagen. Mit elastischem Band hinten f\u00fcr einen optimalen Sitz. \u2022 Elastisch f\u00fcr einen optimalen Sitz Material: 100% Polyester<\/p>","protected":false},"featured_media":247302,"template":"","meta":[],"product_brand":[],"product_cat":[9643,4177],"product_tag":[],"class_list":{"0":"post-247277","1":"product","2":"type-product","3":"status-publish","4":"has-post-thumbnail","6":"product_cat-equipment","7":"product_cat-caps-muetzen","8":"pa_brand-craft-retail-sportswear","9":"pa_brand-type-sportswear","10":"pa_filter-color-schwarz","12":"first","13":"outofstock","14":"sale","15":"taxable","16":"shipping-taxable","17":"purchasable","18":"product-type-variable","19":"add-to-wishlist-before_image"},"exclude_global_add_ons":[],"addons":[],"acf":[],"_links":{"self":[{"href":"https:\/\/shop.kustom.ch\/it\/wp-json\/wp\/v2\/product\/247277"}],"collection":[{"href":"https:\/\/shop.kustom.ch\/it\/wp-json\/wp\/v2\/product"}],"about":[{"href":"https:\/\/shop.kustom.ch\/it\/wp-json\/wp\/v2\/types\/product"}],"wp:featuredmedia":[{"embeddable":true,"href":"https:\/\/shop.kustom.ch\/it\/wp-json\/wp\/v2\/media\/247302"}],"wp:attachment":[{"href":"https:\/\/shop.kustom.ch\/it\/wp-json\/wp\/v2\/media?parent=247277"}],"wp:term":[{"taxonomy":"product_brand","embeddable":true,"href":"https:\/\/shop.kustom.ch\/it\/wp-json\/wp\/v2\/product_brand?post=247277"},{"taxonomy":"product_cat","embeddable":true,"href":"https:\/\/shop.kustom.ch\/it\/wp-json\/wp\/v2\/product_cat?post=247277"},{"taxonomy":"product_tag","embeddable":true,"href":"https:\/\/shop.kustom.ch\/it\/wp-json\/wp\/v2\/product_tag?post=247277"}],"curies":[{"name":"wp","href":"https:\/\/api.w.org\/{rel}","templated":true}]}}